{"id":750,"date":"2016-12-13T18:41:37","date_gmt":"2016-12-13T18:41:37","guid":{"rendered":"https:\/\/mont3.sociationdev.com\/home-page\/"},"modified":"2025-01-10T20:32:04","modified_gmt":"2025-01-10T20:32:04","slug":"home-page","status":"publish","type":"page","link":"https:\/\/mont3.sociationdev.com\/fr\/","title":{"rendered":"\u00c9cole Parkdale Montessori"},"content":{"rendered":"<h1 style=\"text-align: center;\">\u00c9cole Parkdale Montessori<\/h1>\n<p class=\"p1\" style=\"text-align: center;\"><span class=\"s1\"><span lang=\"FR\">L\u2019\u00e9cole Parkdale Montessori est une \u00e9cole priv\u00e9e qui offre un milieu \u00e9ducatif aux enfants de 18 mois <\/span><span lang=\"EN-US\">\u00e0 <\/span><span lang=\"EN-US\">6 ans<\/span>.<\/span><\/p>\n<p>&nbsp;<\/p>\n<p style=\"text-align: center;\">Notre \u00e9cole met l\u2019accent sur une \u00e9ducation bilingue de qualit\u00e9 en utilisant la m\u00e9thode Montessori authentique, un apprentissage individualis\u00e9 adapt\u00e9 au style et aux besoins de chaque enfant, une approche pratique et sensorielle, ainsi que des programmes enrichissants afin de permettre aux enfants de se r\u00e9aliser pleinement.\u00a0Parkdale Montessori offre un milieu \u00e9ducatif o\u00f9 les enfants se sentent comme chez eux au sein d\u2019une petite communaut\u00e9 compos\u00e9e de diverses cultures.<\/p>\n<p>&nbsp;<\/p>\n<p style=\"text-align: center;\">L\u2019\u00e9cole Parkdale Montessori est<strong> le gagnant du <\/strong><strong>Top Choice Montessori School Award \u00e0 Ottawa (2019, 2020, 2021, 2022, 2023 et 2024)<\/strong>.<\/p>\n<p>&nbsp;<\/p>\n<p style=\"text-align: center;\">Nous sommes fiers d\u2019\u00eatre la\u00a0<strong>seule \u00e9cole accr\u00e9dit\u00e9e\u00a0<a href=\"https:\/\/montessori-ami.org\/\">AMI<\/a><\/strong>\u00a0<strong>\u00e0 Ottawa<\/strong>\u00a0et\u00a0<strong>la premi\u00e8re et unique \u00e9cole membre du programme de l\u2019<a href=\"https:\/\/www.ami-canada.com\/\">Assurance Qualit\u00e9 Montessori<\/a><\/strong>.<\/p>\n<p>&nbsp;<\/p>\n<p style=\"text-align: center;\">Notre \u00e9cole est un environnement id\u00e9al pour que votre enfant atteigne son potentiel, d\u00e9veloppe un d\u00e9sir d\u2019apprendre et contribue \u00e0 la communaut\u00e9 de fa\u00e7on positive.<\/p>\n<p style=\"text-align: center;\"><a class=\"button\" href=\"https:\/\/mont3.sociationdev.com\/fr\/lecole\/pourquoi-choisir-notre-ecole\/\">Plus<\/a><\/p>\n","protected":false},"excerpt":{"rendered":"<p>\u00c9cole Parkdale Montessori L\u2019\u00e9cole Parkdale Montessori est une \u00e9cole priv\u00e9e qui offre un milieu \u00e9ducatif aux enfants de 18 mois \u00e0 6 ans. &nbsp; Notre \u00e9cole met l\u2019accent sur une \u00e9ducation bilingue de qualit\u00e9 en utilisant la m\u00e9thode Montessori authentique, un apprentissage individualis\u00e9 adapt\u00e9 au style et aux besoins de chaque enfant, une approche pratique [&#8230;]<\/p>\n<p><a class=\"btn btn-secondary sociation-read-more-link\" href=\"https:\/\/mont3.sociationdev.com\/fr\/\">Plus&#8230;<\/a><\/p>\n","protected":false},"author":1,"featured_media":0,"parent":0,"menu_order":0,"comment_status":"closed","ping_status":"closed","template":"page-templates\/homepage.php","meta":{"_acf_changed":false,"footnotes":""},"class_list":["post-750","page","type-page","status-publish","hentry"],"acf":[],"yoast_head":"<!-- This site is optimized with the Yoast SEO Premium plugin v15.5 - https:\/\/yoast.com\/wordpress\/plugins\/seo\/ -->\n<title>\u00c9cole Parkdale Montessori - Parkdale Montessori School - \u00c9cole Montessori Ottawa<\/title>\n<meta name=\"robots\" content=\"noindex, follow, max-snippet:-1, max-image-preview:large, max-video-preview:-1\" \/>\n<meta property=\"og:locale\" content=\"fr_FR\" \/>\n<meta property=\"og:type\" content=\"article\" \/>\n<meta property=\"og:title\" content=\"\u00c9cole Parkdale Montessori - Parkdale Montessori School - \u00c9cole Montessori Ottawa\" \/>\n<meta property=\"og:description\" content=\"\u00c9cole Parkdale Montessori L\u2019\u00e9cole Parkdale Montessori est une \u00e9cole priv\u00e9e qui offre un milieu \u00e9ducatif aux enfants de 18 mois \u00e0 6 ans. &nbsp; Notre \u00e9cole met l\u2019accent sur une \u00e9ducation bilingue de qualit\u00e9 en utilisant la m\u00e9thode Montessori authentique, un apprentissage individualis\u00e9 adapt\u00e9 au style et aux besoins de chaque enfant, une approche pratique [...]Plus...\" \/>\n<meta property=\"og:url\" content=\"https:\/\/mont3.sociationdev.com\/fr\/\" \/>\n<meta property=\"og:site_name\" content=\"Parkdale Montessori School - \u00c9cole Montessori Ottawa\" \/>\n<meta property=\"article:publisher\" content=\"https:\/\/www.facebook.com\/ParkdaleMontessoriSchool\/\" \/>\n<meta property=\"article:modified_time\" content=\"2025-01-10T20:32:04+00:00\" \/>\n<meta name=\"twitter:card\" content=\"summary\" \/>\n<meta name=\"twitter:label1\" content=\"Dur\u00e9e de lecture estim\u00e9e\">\n\t<meta name=\"twitter:data1\" content=\"1 minute\">\n<script type=\"application\/ld+json\" class=\"yoast-schema-graph\">{\"@context\":\"https:\/\/schema.org\",\"@graph\":[{\"@type\":\"Organization\",\"@id\":\"https:\/\/mont3.sociationdev.com\/fr\/#organization\",\"name\":\"Parkdale Montessori\",\"url\":\"https:\/\/mont3.sociationdev.com\/fr\/\",\"sameAs\":[\"https:\/\/www.facebook.com\/ParkdaleMontessoriSchool\/\"],\"logo\":{\"@type\":\"ImageObject\",\"@id\":\"https:\/\/mont3.sociationdev.com\/fr\/#logo\",\"inLanguage\":\"fr-FR\",\"url\":\"https:\/\/mont3.sociationdev.com\/wp-content\/uploads\/2019\/02\/MONT-Favicon-1.png\",\"width\":239,\"height\":222,\"caption\":\"Parkdale Montessori\"},\"image\":{\"@id\":\"https:\/\/mont3.sociationdev.com\/fr\/#logo\"}},{\"@type\":\"WebSite\",\"@id\":\"https:\/\/mont3.sociationdev.com\/fr\/#website\",\"url\":\"https:\/\/mont3.sociationdev.com\/fr\/\",\"name\":\"Parkdale Montessori School - \\u00c9cole Montessori Ottawa\",\"description\":\"Parkdale Montessori School - \\u00c9cole Montessori Ottawa\",\"publisher\":{\"@id\":\"https:\/\/mont3.sociationdev.com\/fr\/#organization\"},\"potentialAction\":[{\"@type\":\"SearchAction\",\"target\":\"https:\/\/mont3.sociationdev.com\/fr\/?s={search_term_string}\",\"query-input\":\"required name=search_term_string\"}],\"inLanguage\":\"fr-FR\"},{\"@type\":\"WebPage\",\"@id\":\"https:\/\/mont3.sociationdev.com\/fr\/#webpage\",\"url\":\"https:\/\/mont3.sociationdev.com\/fr\/\",\"name\":\"\\u00c9cole Parkdale Montessori - Parkdale Montessori School - \\u00c9cole Montessori Ottawa\",\"isPartOf\":{\"@id\":\"https:\/\/mont3.sociationdev.com\/fr\/#website\"},\"datePublished\":\"2016-12-13T18:41:37+00:00\",\"dateModified\":\"2025-01-10T20:32:04+00:00\",\"inLanguage\":\"fr-FR\",\"potentialAction\":[{\"@type\":\"ReadAction\",\"target\":[\"https:\/\/mont3.sociationdev.com\/fr\/\"]}]}]}<\/script>\n<!-- \/ Yoast SEO Premium plugin. -->","_links":{"self":[{"href":"https:\/\/mont3.sociationdev.com\/fr\/wp-json\/wp\/v2\/pages\/750","targetHints":{"allow":["GET"]}}],"collection":[{"href":"https:\/\/mont3.sociationdev.com\/fr\/wp-json\/wp\/v2\/pages"}],"about":[{"href":"https:\/\/mont3.sociationdev.com\/fr\/wp-json\/wp\/v2\/types\/page"}],"author":[{"embeddable":true,"href":"https:\/\/mont3.sociationdev.com\/fr\/wp-json\/wp\/v2\/users\/1"}],"replies":[{"embeddable":true,"href":"https:\/\/mont3.sociationdev.com\/fr\/wp-json\/wp\/v2\/comments?post=750"}],"version-history":[{"count":35,"href":"https:\/\/mont3.sociationdev.com\/fr\/wp-json\/wp\/v2\/pages\/750\/revisions"}],"predecessor-version":[{"id":7406,"href":"https:\/\/mont3.sociationdev.com\/fr\/wp-json\/wp\/v2\/pages\/750\/revisions\/7406"}],"wp:attachment":[{"href":"https:\/\/mont3.sociationdev.com\/fr\/wp-json\/wp\/v2\/media?parent=750"}],"curies":[{"name":"wp","href":"https:\/\/api.w.org\/{rel}","templated":true}]}}