{"id":448,"date":"2017-01-16T18:28:42","date_gmt":"2017-01-16T18:28:42","guid":{"rendered":"https:\/\/mont3.sociationdev.com\/?page_id=448\/"},"modified":"2024-01-17T20:23:47","modified_gmt":"2024-01-17T20:23:47","slug":"inscription-casa","status":"publish","type":"page","link":"https:\/\/mont3.sociationdev.com\/fr\/inscriptions\/inscription-casa\/","title":{"rendered":"Inscriptions pour casa"},"content":{"rendered":"<h2>PROC\u00c9DURE D\u2019INSCRIPTION POUR CASA (MATERNELLE ET JARDIN)<\/h2>\n<ol>\n<li>Inscrivez-vous sur la liste d\u2019attente de la ville d\u2019Ottawa en utilisant le lien suivant: <a href=\"https:\/\/onehsn.com\/Ottawa\/ux_2_0\">Liste d\u2019attente de la Ville <\/a> Veuillez noter qu\u2019il n\u2019y a aucun frais pour qu\u2019un enfant soit inscrit sur cette liste d\u2019attente.<\/li>\n<li>Pour toute question, appelez l\u2019\u00e9cole au (613) 216-7275 ou envoyez-nous\u00a0<a href=\"mailto:administration@mont3.sociationdev.com\">un courriel<\/a><\/li>\n<li>Une fois que vous aurez \u00e9t\u00e9 inform\u00e9 que nous avons une place disponible, vous serez invit\u00e9 \u00e0 visiter notre \u00e9tablissement scolaire.<\/li>\n<li>Si vous souhaitez inscrire votre enfant, veuillez soumettre un formulaire de demande et les frais de 75$ (non-remboursables\/non-transf\u00e9rables) avant la date d\u2019\u00e9ch\u00e9ance qui vous a \u00e9t\u00e9 indiqu\u00e9e.<\/li>\n<li>Une fois que votre formulaire de demande et les frais de 75 $ (non remboursables\/non transf\u00e9rables) auront \u00e9t\u00e9 re\u00e7us par notre secr\u00e9tariat scolaire et dans le cadre du processus d\u2019inscription, nous organiserons une courte visite de 20 minutes au cours de laquelle votre enfant rencontrera une enseignante de casa et\/ou la superviseuse p\u00e9dagogique. Cette visite est obligatoire et a pour but de vous donner l\u2019occasion de poser des questions \u00e0 notre personnel enseignant ainsi qu\u2019\u00e0 notre administration scolaire de s\u2019assurer que notre programme casa est bien adapt\u00e9 \u00e0 votre enfant.<\/li>\n<li>Suite \u00e0 cette visite, une d\u00e9cision concernant l\u2019acceptation de votre enfant dans notre programme sera prise dans les 48 heures par l\u2019administration de l\u2019\u00e9cole.<\/li>\n<li>Si votre enfant est accept\u00e9 dans notre programme casa, le secr\u00e9tariat scolaire vous fera parvenir un dossier d\u2019inscription. Apr\u00e8s avoir re\u00e7u ce dossier, veuillez soumettre dans les 5 jours ouvrables: tous les documents, formulaires, acomptes et frais de scolarit\u00e9 contenus dans le dossier d\u2019inscription (sign\u00e9s et dat\u00e9s).<\/li>\n<\/ol>\n<p>Informations importantes:<\/p>\n<ul>\n<li>Si les documents et frais applicables ne sont pas fournis \u00e0 la date d\u2019\u00e9ch\u00e9ance \u00e0 la direction de l\u2019\u00e9cole, la place sera offerte \u00e0 la prochaine famille sur la liste d\u2019attente.<\/li>\n<li>Toutes les conditions \u00e9num\u00e9r\u00e9es doivent \u00eatre enti\u00e8rement remplies pour que votre enfant soit consid\u00e9r\u00e9 comme officiellement inscrit dans notre \u00e9cole.<\/li>\n<\/ul>\n<h2>Frais de scolarit\u00e9 2024-2025<\/h2>\n<ul>\n<li><span style=\"color: #ff0000;\">L&rsquo;\u00e9cole Parkdale Montessori fait partie du syst\u00e8me pancanadien d\u2019AGJE, cons\u00e9quemment les frais de scolarit\u00e9 ont \u00e9t\u00e9 r\u00e9duits.<\/span><\/li>\n<li>Les frais pour le programme Casa Montessori comprennent : 7 heures d&rsquo;\u00e9ducation Montessori par jour, deux collations nutritives par jour, trois \u00e9v\u00e9nements saisonniers (soit hors terrains scolaires, virtuellement, ou des invit\u00e9s viennent dans l\u2019\u00e9cole) ainsi que tous les co\u00fbts annuels de mat\u00e9riel et d&rsquo;entretien.<\/li>\n<li>Les familles ont la possibilit\u00e9 de s\u00e9lectionner la garderie du matin et\/ou la garderie du soir sil elles ont besoin de services de garde prolong\u00e9s en dehors des heures du programme Montessori.<\/li>\n<li>Les frais de demande, les acomptes\u00a0et les frais calcul\u00e9s au prorata (pour le temps d\u00e9j\u00e0 pass\u00e9 dans le programme m\u00eame si l\u2019enfant fut absent et\/ou les services d\u00e9j\u00e0 utilis\u00e9s)\u00a0<u>ne sont\u00a0en aucun cas remboursables ou transf\u00e9rables.<\/u><\/li>\n<li>Frais, programmes, services et horaire susceptibles de changer.<\/li>\n<\/ul>\n<table style=\"border-collapse: collapse; width: 100%;\" border=\"1\">\n<tbody>\n<tr style=\"height: 120px;\">\n<td style=\"width: 144.667px; text-align: center; height: 120px;\"><strong>Programme et services<\/strong><\/td>\n<td style=\"width: 114.688px; text-align: center; height: 120px;\"><strong>Horaire<\/strong><\/td>\n<td style=\"width: 205.604px; text-align: center; height: 120px;\"><strong>\u00a0 \u00a0 \u00a0 \u00a0 \u00a0\u00a0 \u00a0 Acomptes\u00a0 \u00a0 \u00a0 \u00a0 \u00a0 \u00a0 \u00a0 \u00a0 \u00a0 \u00a0 (non-remboursables \/ non-transf\u00e9rables et font partie du montant total\u00a0 des frais)\u00a0<\/strong><\/td>\n<td style=\"width: 136.667px; text-align: center; height: 120px;\"><strong>Balance des frais<\/strong><\/td>\n<td style=\"width: 121.708px; text-align: center; height: 120px;\"><strong>Montant total des frais<\/strong><\/td>\n<\/tr>\n<tr style=\"height: 144px;\">\n<td style=\"width: 144.667px; height: 144px; text-align: center;\"><strong>Programme Montessori<\/strong><\/td>\n<td style=\"width: 114.688px; height: 144px; text-align: center;\">8h30 &#8211; 15h30<\/td>\n<td style=\"width: 205.604px; height: 144px; text-align: center;\">2,500$ (d\u00fb apr\u00e8s avoir re\u00e7u le dossier d\u2019inscription, veuillez soumettre dans les 5 jours ouvrables)<\/td>\n<td style=\"width: 136.667px; height: 144px; text-align: center;\">5,150$ (1er sept.)<\/td>\n<td style=\"width: 121.708px; height: 144px; text-align: center;\"><strong>7,650$<\/strong><\/td>\n<\/tr>\n<tr style=\"height: 48px; background-color: #ffffff;\">\n<td style=\"width: 144.667px; height: 48px; text-align: center;\"><strong>Garderie du matin<\/strong><\/td>\n<td style=\"width: 114.688px; height: 48px; text-align: center;\">8h00 &#8211; 8h30<\/td>\n<td style=\"width: 205.604px; height: 48px; text-align: center;\">100$ (d\u00fb apr\u00e8s avoir re\u00e7u le dossier d\u2019inscription, veuillez soumettre dans les 5 jours ouvrables)<\/td>\n<td style=\"width: 136.667px; height: 48px; text-align: center;\">440$ (1er sept.)<\/td>\n<td style=\"width: 121.708px; height: 48px; text-align: center;\"><strong>540$<\/strong><\/td>\n<\/tr>\n<tr style=\"height: 24px;\">\n<td style=\"width: 144.667px; height: 24px; text-align: center;\"><strong>Garderie du soir<\/strong><\/td>\n<td style=\"width: 114.688px; height: 24px; text-align: center;\">15h30 &#8211; 17h15<\/td>\n<td style=\"width: 205.604px; height: 24px; text-align: center;\">200$ (d\u00fb apr\u00e8s avoir re\u00e7u le dossier d\u2019inscription, veuillez soumettre dans les 5 jours ouvrables)<\/td>\n<td style=\"width: 136.667px; height: 24px; text-align: center;\">1,250$ (1er sept.)<\/td>\n<td style=\"width: 121.708px; height: 24px; text-align: center;\"><strong>1,450$<\/strong><\/td>\n<\/tr>\n<tr style=\"height: 83px; background-color: #ffffff;\">\n<td style=\"width: 735.333px; height: 83px;\" colspan=\"5\"><strong>* Frais de demande: 75<\/strong>$ (non-remboursable \/ non-transf\u00e9rable et d\u00fb avec le formulaire de demande.)<\/td>\n<\/tr>\n<\/tbody>\n<\/table>\n<p>&nbsp;<\/p>\n<h2>Repas Chauds<\/h2>\n<ul>\n<li>Le programme de repas chauds est optionnel en casa et ne fait pas partie du syst\u00e8me pancanadien d\u2019AGJE.<\/li>\n<li>Les repas chauds sont cuisin\u00e9s par L\u2019 Entreprise Mazzola.<\/li>\n<li>Les familles peuvent choisir de faire un paiement comptant ou payer mensuellement pour le programme de repas chauds.<\/li>\n<li>Les frais pour le programme des repas chauds sont susceptibles d&rsquo;augmenter \u00e0 tout moment au cours de l&rsquo;ann\u00e9e scolaire en raison de la hausse du co\u00fbt de la nourriture.<\/li>\n<\/ul>\n<table style=\"border-collapse: collapse; width: 100%;\" border=\"1\">\n<tbody>\n<tr>\n<td style=\"width: 48.9189%; text-align: center;\"><strong>Options de paiement pour les repas chauds<\/strong><\/td>\n<td style=\"width: 51.0811%; text-align: center;\"><strong>Frais<\/strong><\/td>\n<\/tr>\n<tr style=\"background-color: #ffffff;\">\n<td style=\"width: 48.9189%; text-align: center;\">1 paiement comptant<\/td>\n<td style=\"width: 51.0811%; text-align: center;\">3,400$ (1er sept.)<\/td>\n<\/tr>\n<tr style=\"background-color: #ffffff;\">\n<td style=\"width: 48.9189%; text-align: center;\">10 paiements mensuels<\/td>\n<td style=\"width: 51.0811%; text-align: center;\">$360\/mois (d\u00fb le 1er de chaque mois)<\/td>\n<\/tr>\n<\/tbody>\n<\/table>\n<p>&nbsp;<\/p>\n<h2>R\u00e8glements de l&rsquo;\u00e9cole<\/h2>\n<ul>\n<li>L&rsquo;\u00e9cole Parkdale Montessori accueille tous les futurs parents et leurs familles et applique une politique d&rsquo;admission non-discriminatoire envers les enfants.<\/li>\n<li>L&rsquo;admissibilit\u00e9 \u00e0 nos programmes est bas\u00e9e sur de nombreux facteurs comme le nombre de places disponibles, l&rsquo;\u00e2ge de l&rsquo;enfant, etc. Les enfants peuvent \u00eatre admis \u00e0 n&rsquo;importe quel moment de l&rsquo;ann\u00e9e scolaire, selon le nombre de places disponibles.<\/li>\n<li>La priorit\u00e9 sera donn\u00e9e aux enfants actuellement inscrits et \u00e9ligibles pour passer au groupe d&rsquo;\u00e2ge suivant, aux fr\u00e8res et s\u0153urs des enfants actuellement inscrits, ainsi qu&rsquo;aux familles qui ont d\u00e9j\u00e0 fr\u00e9quent\u00e9 l&rsquo;\u00e9cole Parkdale Montessori.<\/li>\n<\/ul>\n<h2>Conditions<\/h2>\n<ul>\n<li>Les enfants doivent \u00eatre propres afin d&rsquo;\u00eatre accept\u00e9s en casa (c&rsquo;est-\u00e0-dire utiliser les toilettes, s&rsquo;essuyer et se laver les mains de fa\u00e7on ind\u00e9pendante).<\/li>\n<li>Les enfants doivent \u00eatre en mesure de r\u00e9pondre \u00e0 leurs besoins et de montrer ind\u00e9pendance et aptitude (par exemple, on observe l&rsquo;ind\u00e9pendance physique d&rsquo;un enfant par sa capacit\u00e9 \u00e0 s&rsquo;habiller tout seul ; l&rsquo;ind\u00e9pendance \u00e9motionnelle se manifeste par la capacit\u00e9 \u00e0 verbaliser ses besoins ; l&rsquo;aptitude sociale signifie que votre enfant est capable dans une certaine mesure de comprendre les limites, sait attendre et contr\u00f4ler ses impulsions la plupart du temps).<\/li>\n<li>L\u2019 \u00e2ge (3 \u00e0 6 ans) est approximatif. Le placement d\u00e9pend des capacit\u00e9s et du d\u00e9veloppement \u00e9motionnel de chaque enfant.<\/li>\n<li>Les enfants doivent venir pour une visite avant l\u2019acceptation dans notre programme.<\/li>\n<li>Si votre enfant a fr\u00e9quent\u00e9 une \u00e9cole ou une garderie auparavant, nous vous demandons de bien vouloir nous transmettre son dossier scolaire.<\/li>\n<li>Il est important d&rsquo;avoir \u00e0 l&rsquo;esprit que le programme Montessori casa est bas\u00e9 sur un cycle de 3 ans. Par cons\u00e9quent, il est dans l&rsquo;int\u00e9r\u00eat de l&rsquo;enfant de s&rsquo;engager pour cette p\u00e9riode.<\/li>\n<\/ul>\n<p>&nbsp;<\/p>\n<h2 id=\"tw-target-text\" class=\"tw-data-text tw-ta tw-text-medium\" dir=\"ltr\" data-placeholder=\"Translation\"><span lang=\"fr\">T\u00e9l\u00e9charger un formul<\/span><span lang=\"fr\">a<\/span><span lang=\"fr\">ire d\u2019inscription<\/span><\/h2>\n<a  data-e-Disable-Page-Transition=\"true\" class=\"download-link\" title=\"\" href=\"https:\/\/mont3.sociationdev.com\/download\/casa-admission-application\/?tmstv=1776769046\" rel=\"nofollow\" id=\"download-link-3722\" data-redirect=\"false\" >\n\tCasa Admission Application<\/a>\n\n","protected":false},"excerpt":{"rendered":"<p>PROC\u00c9DURE D\u2019INSCRIPTION POUR CASA (MATERNELLE ET JARDIN) Inscrivez-vous sur la liste d\u2019attente de la ville d\u2019Ottawa en utilisant le lien suivant: Liste d\u2019attente de la Ville Veuillez noter qu\u2019il n\u2019y a aucun frais pour qu\u2019un enfant soit inscrit sur cette liste d\u2019attente. Pour toute question, appelez l\u2019\u00e9cole au (613) 216-7275 ou envoyez-nous\u00a0un courriel Une fois [&#8230;]<\/p>\n<p><a class=\"btn btn-secondary sociation-read-more-link\" href=\"https:\/\/mont3.sociationdev.com\/fr\/inscriptions\/inscription-casa\/\">Plus&#8230;<\/a><\/p>\n","protected":false},"author":2,"featured_media":878,"parent":404,"menu_order":0,"comment_status":"closed","ping_status":"closed","template":"single.php","meta":{"_acf_changed":false,"footnotes":""},"class_list":["post-448","page","type-page","status-publish","has-post-thumbnail","hentry"],"acf":[],"yoast_head":"<!-- This site is optimized with the Yoast SEO Premium plugin v15.5 - https:\/\/yoast.com\/wordpress\/plugins\/seo\/ -->\n<title>Inscriptions pour casa - Parkdale Montessori School - \u00c9cole Montessori Ottawa<\/title>\n<meta name=\"robots\" content=\"noindex, follow, max-snippet:-1, max-image-preview:large, max-video-preview:-1\" \/>\n<meta property=\"og:locale\" content=\"fr_FR\" \/>\n<meta property=\"og:type\" content=\"article\" \/>\n<meta property=\"og:title\" content=\"Inscriptions pour casa - Parkdale Montessori School - \u00c9cole Montessori Ottawa\" \/>\n<meta property=\"og:description\" content=\"PROC\u00c9DURE D\u2019INSCRIPTION POUR CASA (MATERNELLE ET JARDIN) Inscrivez-vous sur la liste d\u2019attente de la ville d\u2019Ottawa en utilisant le lien suivant: Liste d\u2019attente de la Ville Veuillez noter qu\u2019il n\u2019y a aucun frais pour qu\u2019un enfant soit inscrit sur cette liste d\u2019attente. Pour toute question, appelez l\u2019\u00e9cole au (613) 216-7275 ou envoyez-nous\u00a0un courriel Une fois [...]Plus...\" \/>\n<meta property=\"og:url\" content=\"https:\/\/mont3.sociationdev.com\/fr\/inscriptions\/inscription-casa\/\" \/>\n<meta property=\"og:site_name\" content=\"Parkdale Montessori School - \u00c9cole Montessori Ottawa\" \/>\n<meta property=\"article:publisher\" content=\"https:\/\/www.facebook.com\/ParkdaleMontessoriSchool\/\" \/>\n<meta property=\"article:modified_time\" content=\"2024-01-17T20:23:47+00:00\" \/>\n<meta property=\"og:image\" content=\"https:\/\/mont3.sociationdev.com\/wp-content\/uploads\/2017\/01\/Casa_Admissions.jpg\" \/>\n\t<meta property=\"og:image:width\" content=\"720\" \/>\n\t<meta property=\"og:image:height\" content=\"480\" \/>\n<meta name=\"twitter:card\" content=\"summary\" \/>\n<meta name=\"twitter:label1\" content=\"Dur\u00e9e de lecture estim\u00e9e\">\n\t<meta name=\"twitter:data1\" content=\"4 minutes\">\n<script type=\"application\/ld+json\" class=\"yoast-schema-graph\">{\"@context\":\"https:\/\/schema.org\",\"@graph\":[{\"@type\":\"Organization\",\"@id\":\"https:\/\/mont3.sociationdev.com\/fr\/#organization\",\"name\":\"Parkdale Montessori\",\"url\":\"https:\/\/mont3.sociationdev.com\/fr\/\",\"sameAs\":[\"https:\/\/www.facebook.com\/ParkdaleMontessoriSchool\/\"],\"logo\":{\"@type\":\"ImageObject\",\"@id\":\"https:\/\/mont3.sociationdev.com\/fr\/#logo\",\"inLanguage\":\"fr-FR\",\"url\":\"https:\/\/mont3.sociationdev.com\/wp-content\/uploads\/2019\/02\/MONT-Favicon-1.png\",\"width\":239,\"height\":222,\"caption\":\"Parkdale Montessori\"},\"image\":{\"@id\":\"https:\/\/mont3.sociationdev.com\/fr\/#logo\"}},{\"@type\":\"WebSite\",\"@id\":\"https:\/\/mont3.sociationdev.com\/fr\/#website\",\"url\":\"https:\/\/mont3.sociationdev.com\/fr\/\",\"name\":\"Parkdale Montessori School - \\u00c9cole Montessori Ottawa\",\"description\":\"Parkdale Montessori School - \\u00c9cole Montessori Ottawa\",\"publisher\":{\"@id\":\"https:\/\/mont3.sociationdev.com\/fr\/#organization\"},\"potentialAction\":[{\"@type\":\"SearchAction\",\"target\":\"https:\/\/mont3.sociationdev.com\/fr\/?s={search_term_string}\",\"query-input\":\"required name=search_term_string\"}],\"inLanguage\":\"fr-FR\"},{\"@type\":\"ImageObject\",\"@id\":\"https:\/\/mont3.sociationdev.com\/fr\/inscriptions\/inscription-casa\/#primaryimage\",\"inLanguage\":\"fr-FR\",\"url\":\"https:\/\/mont3.sociationdev.com\/wp-content\/uploads\/2017\/01\/Casa_Admissions.jpg\",\"width\":720,\"height\":480,\"caption\":\"Chinese Mother And Son Sitting At Desk Using Laptop At Home\"},{\"@type\":\"WebPage\",\"@id\":\"https:\/\/mont3.sociationdev.com\/fr\/inscriptions\/inscription-casa\/#webpage\",\"url\":\"https:\/\/mont3.sociationdev.com\/fr\/inscriptions\/inscription-casa\/\",\"name\":\"Inscriptions pour casa - Parkdale Montessori School - \\u00c9cole Montessori Ottawa\",\"isPartOf\":{\"@id\":\"https:\/\/mont3.sociationdev.com\/fr\/#website\"},\"primaryImageOfPage\":{\"@id\":\"https:\/\/mont3.sociationdev.com\/fr\/inscriptions\/inscription-casa\/#primaryimage\"},\"datePublished\":\"2017-01-16T18:28:42+00:00\",\"dateModified\":\"2024-01-17T20:23:47+00:00\",\"inLanguage\":\"fr-FR\",\"potentialAction\":[{\"@type\":\"ReadAction\",\"target\":[\"https:\/\/mont3.sociationdev.com\/fr\/inscriptions\/inscription-casa\/\"]}]}]}<\/script>\n<!-- \/ Yoast SEO Premium plugin. -->","_links":{"self":[{"href":"https:\/\/mont3.sociationdev.com\/fr\/wp-json\/wp\/v2\/pages\/448","targetHints":{"allow":["GET"]}}],"collection":[{"href":"https:\/\/mont3.sociationdev.com\/fr\/wp-json\/wp\/v2\/pages"}],"about":[{"href":"https:\/\/mont3.sociationdev.com\/fr\/wp-json\/wp\/v2\/types\/page"}],"author":[{"embeddable":true,"href":"https:\/\/mont3.sociationdev.com\/fr\/wp-json\/wp\/v2\/users\/2"}],"replies":[{"embeddable":true,"href":"https:\/\/mont3.sociationdev.com\/fr\/wp-json\/wp\/v2\/comments?post=448"}],"version-history":[{"count":108,"href":"https:\/\/mont3.sociationdev.com\/fr\/wp-json\/wp\/v2\/pages\/448\/revisions"}],"predecessor-version":[{"id":7481,"href":"https:\/\/mont3.sociationdev.com\/fr\/wp-json\/wp\/v2\/pages\/448\/revisions\/7481"}],"up":[{"embeddable":true,"href":"https:\/\/mont3.sociationdev.com\/fr\/wp-json\/wp\/v2\/pages\/404"}],"wp:featuredmedia":[{"embeddable":true,"href":"https:\/\/mont3.sociationdev.com\/fr\/wp-json\/wp\/v2\/media\/878"}],"wp:attachment":[{"href":"https:\/\/mont3.sociationdev.com\/fr\/wp-json\/wp\/v2\/media?parent=448"}],"curies":[{"name":"wp","href":"https:\/\/api.w.org\/{rel}","templated":true}]}}