{"id":414,"date":"2017-01-16T17:23:17","date_gmt":"2017-01-16T17:23:17","guid":{"rendered":"https:\/\/mont3.sociationdev.com\/?page_id=414\/"},"modified":"2024-01-17T19:51:04","modified_gmt":"2024-01-17T19:51:04","slug":"inscription-tout-petits","status":"publish","type":"page","link":"https:\/\/mont3.sociationdev.com\/fr\/inscriptions\/inscription-tout-petits\/","title":{"rendered":"Inscriptions pour tout-petits"},"content":{"rendered":"<h2>PROC\u00c9DURE D\u2019INSCRIPTION\u00a0POUR TOUT-PETITS<\/h2>\n<ol>\n<li>Inscrivez-vous sur la liste d\u2019attente de la ville d\u2019Ottawa en utilisant le lien suivant: <a href=\"https:\/\/onehsn.com\/Ottawa\/ux_2_0\">Liste d\u2019attente de la Ville d\u2019Ottawa<\/a> Veuillez noter qu\u2019il n\u2019y a aucun frais pour qu\u2019un enfant soit inscrit sur cette liste d\u2019attente.<\/li>\n<li>Pour toute question, appelez l&rsquo;\u00e9cole au (613) 216-7275 ou envoyez-nous <a href=\"mailto:director@mont3.sociationdev.com\">un courriel<\/a><\/li>\n<li>Une fois que vous aurez \u00e9t\u00e9 inform\u00e9 que nous avons une place disponible, vous serez invit\u00e9 \u00e0 visiter notre \u00e9tablissement scolaire.<\/li>\n<li>Si vous souhaitez inscrire votre enfant, veuillez soumettre un formulaire de demande et les frais de 75$ (non-remboursables\/non-transf\u00e9rables) avant la date d&rsquo;\u00e9ch\u00e9ance qui vous a \u00e9t\u00e9 indiqu\u00e9e.<\/li>\n<li>Une fois que votre formulaire de demande et les frais de 75 $ (non remboursables\/non transf\u00e9rables) auront \u00e9t\u00e9 re\u00e7us par notre secr\u00e9tariat scolaire, vous recevrez un dossier d&rsquo;inscription.<\/li>\n<li>Apr\u00e8s avoir re\u00e7u ce dossier d\u2019inscription, veuillez soumettre dans les 5 jours ouvrables: tous les documents, formulaires, acomptes et frais de scolarit\u00e9 contenus dans le dossier d\u2019inscription (sign\u00e9s et dat\u00e9s).<\/li>\n<\/ol>\n<p>Informations importantes:<\/p>\n<ul>\n<li>Si les documents et frais applicables ne sont pas fournis \u00e0 la date d&rsquo;\u00e9ch\u00e9ance \u00e0 la direction de l&rsquo;\u00e9cole, la place sera offerte \u00e0 la prochaine famille sur la liste d&rsquo;attente.<\/li>\n<li>Toutes les conditions \u00e9num\u00e9r\u00e9es doivent \u00eatre enti\u00e8rement remplies pour que votre enfant soit consid\u00e9r\u00e9 comme officiellement inscrit dans notre \u00e9cole.<\/li>\n<\/ul>\n<h2>Frais de scolarit\u00e9 2024-2025<\/h2>\n<ul>\n<li><span style=\"color: #ff0000;\">L&rsquo;\u00e9cole Parkdale Montessori fait partie du syst\u00e8me pancanadien d\u2019AGJE, cons\u00e9quemment les frais de scolarit\u00e9 ont \u00e9t\u00e9 r\u00e9duits.<\/span><\/li>\n<li>Les frais pour le programme Tout-Petits Montessori comprennent : 6 heures et demie d&rsquo;\u00e9ducation Montessori par jour, deux collations nutritives par jour, un d\u00e9jeuner quotidien fait par le traiteur l&rsquo;Entreprise Mazzola ainsi que tous les co\u00fbts annuels de mat\u00e9riel et d&rsquo;entretien.<\/li>\n<li>Les familles ont la possibilit\u00e9 de s\u00e9lectionner la garderie du matin et\/ou la garderie du soir sil elles ont besoin de services de garde prolong\u00e9s en dehors des heures du programme Montessori.<\/li>\n<li>Les frais de demande, les acomptes\u00a0et les frais calcul\u00e9s au prorata (pour le temps d\u00e9j\u00e0 pass\u00e9 dans le programme m\u00eame si l\u2019enfant fut absent et\/ou les services d\u00e9j\u00e0 utilis\u00e9s)\u00a0<u>ne sont\u00a0en aucun cas remboursables ou transf\u00e9rables.<\/u><\/li>\n<li>Frais, programmes, services et horaire susceptibles de changer.<\/li>\n<\/ul>\n<table style=\"border-collapse: collapse; width: 100%;\" border=\"1\">\n<tbody>\n<tr style=\"height: 120px;\">\n<td style=\"width: 144.667px; text-align: center; height: 120px;\"><strong>Programme et services<\/strong><\/td>\n<td style=\"width: 114.688px; text-align: center; height: 120px;\"><strong>Horaire<\/strong><\/td>\n<td style=\"width: 205.604px; text-align: center; height: 120px;\"><strong>\u00a0 \u00a0 \u00a0 \u00a0 \u00a0 \u00a0 \u00a0 \u00a0 Acomptes\u00a0 \u00a0 \u00a0 \u00a0 \u00a0 \u00a0 \u00a0 \u00a0 \u00a0 \u00a0 (non-remboursables \/ non-transf\u00e9rables et font partie du montant total\u00a0 des frais)\u00a0 <\/strong><\/td>\n<td style=\"width: 136.667px; text-align: center; height: 120px;\"><strong>Balance des frais<\/strong><\/td>\n<td style=\"width: 121.708px; text-align: center; height: 120px;\"><strong>Montant total des frais<\/strong><\/td>\n<\/tr>\n<tr style=\"background-color: #ffffff;\">\n<td style=\"width: 144.667px; height: 144px; text-align: center;\"><strong>Programme Montesssori<\/strong><\/td>\n<td style=\"width: 114.688px; height: 144px; text-align: center;\">8h45 &#8211; 15h15<\/td>\n<td style=\"width: 205.604px; height: 144px; text-align: center;\">2,500$ (d\u00fb apr\u00e8s avoir re\u00e7u le dossier d\u2019inscription, veuillez soumettre dans les 5 jours ouvrables)<\/td>\n<td style=\"width: 136.667px; height: 144px; text-align: center;\">7,050$ (1er sept.)<\/td>\n<td style=\"width: 121.708px; height: 144px; text-align: center;\">9,550$<\/td>\n<\/tr>\n<tr style=\"background-color: #ffffff;\">\n<td style=\"width: 144.667px; height: 48px; text-align: center;\"><strong>Garderie du matin<\/strong><\/td>\n<td style=\"width: 114.688px; height: 48px; text-align: center;\">8h00 &#8211; 8h45<\/td>\n<td style=\"width: 205.604px; height: 48px; text-align: center;\">100$ (d\u00fb apr\u00e8s avoir re\u00e7u le dossier d\u2019inscription, veuillez soumettre dans les 5 jours ouvrables)<\/td>\n<td style=\"width: 136.667px; height: 48px; text-align: center;\">500$ (1er sept.)<\/td>\n<td style=\"width: 121.708px; height: 48px; text-align: center;\">600$<\/td>\n<\/tr>\n<tr style=\"background-color: #ffffff;\">\n<td style=\"width: 144.667px; height: 24px; text-align: center;\"><strong>Garderie du soir<\/strong><\/td>\n<td style=\"width: 114.688px; height: 24px; text-align: center;\">15h15 &#8211; 17h15<\/td>\n<td style=\"width: 205.604px; height: 24px; text-align: center;\">200$ (d\u00fb apr\u00e8s avoir re\u00e7u le dossier d\u2019inscription, veuillez soumettre dans les 5 jours ouvrables)<\/td>\n<td style=\"width: 136.667px; height: 24px; text-align: center;\">950$ (1er sept.)<\/td>\n<td style=\"width: 121.708px; height: 24px; text-align: center;\">1,150$<\/td>\n<\/tr>\n<tr style=\"background-color: #ffffff;\">\n<td style=\"width: 735.333px; height: 80px;\" colspan=\"5\"><strong>* Frais de demande<\/strong>: 75$ (non-remboursable \/ non-transf\u00e9rable et d\u00fb avec le formulaire de demande.)<\/td>\n<\/tr>\n<\/tbody>\n<\/table>\n<p>&nbsp;<\/p>\n<h2>R\u00e8glements de l\u2019\u00e9cole<\/h2>\n<ul>\n<li>L&rsquo;\u00e9cole Parkdale Montessori accueille tous les futurs parents et leurs familles et applique une politique d&rsquo;admission non-discriminatoire envers les enfants.<\/li>\n<li>L&rsquo;admissibilit\u00e9 \u00e0 nos programmes est bas\u00e9e sur de nombreux facteurs comme le nombre de places disponibles, l&rsquo;\u00e2ge de l&rsquo;enfant, etc. Les enfants peuvent \u00eatre admis \u00e0 n&rsquo;importe quel moment de l&rsquo;ann\u00e9e scolaire, selon le nombre de places disponibles.<\/li>\n<li>La priorit\u00e9 sera donn\u00e9e aux enfants actuellement inscrits et \u00e9ligibles pour passer au groupe d&rsquo;\u00e2ge suivant, aux fr\u00e8res et s\u0153urs des enfants actuellement inscrits, ainsi qu&rsquo;aux familles qui ont d\u00e9j\u00e0 fr\u00e9quent\u00e9 l&rsquo;\u00e9cole Parkdale Montessori.<\/li>\n<\/ul>\n<h2>Conditions<\/h2>\n<ul>\n<li>Afin d&rsquo;\u00eatre accept\u00e9s dans notre programme, les tout-petits doivent \u00eatre capables de marcher de fa\u00e7on ind\u00e9pendante, de prendre seulement une sieste par jour et de se nourrir avec une cuill\u00e8re ou une fourchette.<\/li>\n<li>L\u2019\u00e2ge (18 mois \u00e0 3 ans) est approximatif. Le placement d\u00e9pend des capacit\u00e9s et du d\u00e9veloppement \u00e9motionnel de chaque enfant.<\/li>\n<li>Les tout-petits s\u2019int\u00e8grent au programme en petits groupes et en fonction de l\u2019\u00e2ge (des plus \u00e2g\u00e9s aux plus jeunes).<\/li>\n<li>S\u2019ils sont consid\u00e9r\u00e9s aptes et si des places sont disponibles, certains enfants peuvent entrer dans le programme casa au mois de janvier.<\/li>\n<\/ul>\n<h2 class=\"tw-data-text tw-ta tw-text-medium\" dir=\"ltr\" data-placeholder=\"Translation\"><span lang=\"fr\">T\u00e9l\u00e9charger un formulaire d\u2019inscription<\/span><\/h2>\n<a  data-e-Disable-Page-Transition=\"true\" class=\"download-link\" title=\"\" href=\"https:\/\/mont3.sociationdev.com\/download\/toddler-admission-application\/?tmstv=1776769096\" rel=\"nofollow\" id=\"download-link-3718\" data-redirect=\"false\" >\n\tToddler Admission Application<\/a>\n\n","protected":false},"excerpt":{"rendered":"<p>PROC\u00c9DURE D\u2019INSCRIPTION\u00a0POUR TOUT-PETITS Inscrivez-vous sur la liste d\u2019attente de la ville d\u2019Ottawa en utilisant le lien suivant: Liste d\u2019attente de la Ville d\u2019Ottawa Veuillez noter qu\u2019il n\u2019y a aucun frais pour qu\u2019un enfant soit inscrit sur cette liste d\u2019attente. Pour toute question, appelez l&rsquo;\u00e9cole au (613) 216-7275 ou envoyez-nous un courriel Une fois que vous [&#8230;]<\/p>\n<p><a class=\"btn btn-secondary sociation-read-more-link\" href=\"https:\/\/mont3.sociationdev.com\/fr\/inscriptions\/inscription-tout-petits\/\">Plus&#8230;<\/a><\/p>\n","protected":false},"author":2,"featured_media":880,"parent":404,"menu_order":0,"comment_status":"closed","ping_status":"closed","template":"single.php","meta":{"_acf_changed":false,"footnotes":""},"class_list":["post-414","page","type-page","status-publish","has-post-thumbnail","hentry"],"acf":[],"yoast_head":"<!-- This site is optimized with the Yoast SEO Premium plugin v15.5 - https:\/\/yoast.com\/wordpress\/plugins\/seo\/ -->\n<title>Inscriptions pour tout-petits - Parkdale Montessori School - \u00c9cole Montessori Ottawa<\/title>\n<meta name=\"robots\" content=\"noindex, follow, max-snippet:-1, max-image-preview:large, max-video-preview:-1\" \/>\n<meta property=\"og:locale\" content=\"fr_FR\" \/>\n<meta property=\"og:type\" content=\"article\" \/>\n<meta property=\"og:title\" content=\"Inscriptions pour tout-petits - Parkdale Montessori School - \u00c9cole Montessori Ottawa\" \/>\n<meta property=\"og:description\" content=\"PROC\u00c9DURE D\u2019INSCRIPTION\u00a0POUR TOUT-PETITS Inscrivez-vous sur la liste d\u2019attente de la ville d\u2019Ottawa en utilisant le lien suivant: Liste d\u2019attente de la Ville d\u2019Ottawa Veuillez noter qu\u2019il n\u2019y a aucun frais pour qu\u2019un enfant soit inscrit sur cette liste d\u2019attente. Pour toute question, appelez l&rsquo;\u00e9cole au (613) 216-7275 ou envoyez-nous un courriel Une fois que vous [...]Plus...\" \/>\n<meta property=\"og:url\" content=\"https:\/\/mont3.sociationdev.com\/fr\/inscriptions\/inscription-tout-petits\/\" \/>\n<meta property=\"og:site_name\" content=\"Parkdale Montessori School - \u00c9cole Montessori Ottawa\" \/>\n<meta property=\"article:publisher\" content=\"https:\/\/www.facebook.com\/ParkdaleMontessoriSchool\/\" \/>\n<meta property=\"article:modified_time\" content=\"2024-01-17T19:51:04+00:00\" \/>\n<meta property=\"og:image\" content=\"https:\/\/mont3.sociationdev.com\/wp-content\/uploads\/2017\/01\/Toddler_Admissions.jpg\" \/>\n\t<meta property=\"og:image:width\" content=\"720\" \/>\n\t<meta property=\"og:image:height\" content=\"480\" \/>\n<meta name=\"twitter:card\" content=\"summary\" \/>\n<meta name=\"twitter:label1\" content=\"Dur\u00e9e de lecture estim\u00e9e\">\n\t<meta name=\"twitter:data1\" content=\"3 minutes\">\n<script type=\"application\/ld+json\" class=\"yoast-schema-graph\">{\"@context\":\"https:\/\/schema.org\",\"@graph\":[{\"@type\":\"Organization\",\"@id\":\"https:\/\/mont3.sociationdev.com\/fr\/#organization\",\"name\":\"Parkdale Montessori\",\"url\":\"https:\/\/mont3.sociationdev.com\/fr\/\",\"sameAs\":[\"https:\/\/www.facebook.com\/ParkdaleMontessoriSchool\/\"],\"logo\":{\"@type\":\"ImageObject\",\"@id\":\"https:\/\/mont3.sociationdev.com\/fr\/#logo\",\"inLanguage\":\"fr-FR\",\"url\":\"https:\/\/mont3.sociationdev.com\/wp-content\/uploads\/2019\/02\/MONT-Favicon-1.png\",\"width\":239,\"height\":222,\"caption\":\"Parkdale Montessori\"},\"image\":{\"@id\":\"https:\/\/mont3.sociationdev.com\/fr\/#logo\"}},{\"@type\":\"WebSite\",\"@id\":\"https:\/\/mont3.sociationdev.com\/fr\/#website\",\"url\":\"https:\/\/mont3.sociationdev.com\/fr\/\",\"name\":\"Parkdale Montessori School - \\u00c9cole Montessori Ottawa\",\"description\":\"Parkdale Montessori School - \\u00c9cole Montessori Ottawa\",\"publisher\":{\"@id\":\"https:\/\/mont3.sociationdev.com\/fr\/#organization\"},\"potentialAction\":[{\"@type\":\"SearchAction\",\"target\":\"https:\/\/mont3.sociationdev.com\/fr\/?s={search_term_string}\",\"query-input\":\"required name=search_term_string\"}],\"inLanguage\":\"fr-FR\"},{\"@type\":\"ImageObject\",\"@id\":\"https:\/\/mont3.sociationdev.com\/fr\/inscriptions\/inscription-tout-petits\/#primaryimage\",\"inLanguage\":\"fr-FR\",\"url\":\"https:\/\/mont3.sociationdev.com\/wp-content\/uploads\/2017\/01\/Toddler_Admissions.jpg\",\"width\":720,\"height\":480,\"caption\":\"A father is holding his daughter on his lap and helping her play on the computer. He is looking at his daughter and she is looking at the screen. Square framed shot.\"},{\"@type\":\"WebPage\",\"@id\":\"https:\/\/mont3.sociationdev.com\/fr\/inscriptions\/inscription-tout-petits\/#webpage\",\"url\":\"https:\/\/mont3.sociationdev.com\/fr\/inscriptions\/inscription-tout-petits\/\",\"name\":\"Inscriptions pour tout-petits - Parkdale Montessori School - \\u00c9cole Montessori Ottawa\",\"isPartOf\":{\"@id\":\"https:\/\/mont3.sociationdev.com\/fr\/#website\"},\"primaryImageOfPage\":{\"@id\":\"https:\/\/mont3.sociationdev.com\/fr\/inscriptions\/inscription-tout-petits\/#primaryimage\"},\"datePublished\":\"2017-01-16T17:23:17+00:00\",\"dateModified\":\"2024-01-17T19:51:04+00:00\",\"inLanguage\":\"fr-FR\",\"potentialAction\":[{\"@type\":\"ReadAction\",\"target\":[\"https:\/\/mont3.sociationdev.com\/fr\/inscriptions\/inscription-tout-petits\/\"]}]}]}<\/script>\n<!-- \/ Yoast SEO Premium plugin. -->","_links":{"self":[{"href":"https:\/\/mont3.sociationdev.com\/fr\/wp-json\/wp\/v2\/pages\/414","targetHints":{"allow":["GET"]}}],"collection":[{"href":"https:\/\/mont3.sociationdev.com\/fr\/wp-json\/wp\/v2\/pages"}],"about":[{"href":"https:\/\/mont3.sociationdev.com\/fr\/wp-json\/wp\/v2\/types\/page"}],"author":[{"embeddable":true,"href":"https:\/\/mont3.sociationdev.com\/fr\/wp-json\/wp\/v2\/users\/2"}],"replies":[{"embeddable":true,"href":"https:\/\/mont3.sociationdev.com\/fr\/wp-json\/wp\/v2\/comments?post=414"}],"version-history":[{"count":129,"href":"https:\/\/mont3.sociationdev.com\/fr\/wp-json\/wp\/v2\/pages\/414\/revisions"}],"predecessor-version":[{"id":7471,"href":"https:\/\/mont3.sociationdev.com\/fr\/wp-json\/wp\/v2\/pages\/414\/revisions\/7471"}],"up":[{"embeddable":true,"href":"https:\/\/mont3.sociationdev.com\/fr\/wp-json\/wp\/v2\/pages\/404"}],"wp:featuredmedia":[{"embeddable":true,"href":"https:\/\/mont3.sociationdev.com\/fr\/wp-json\/wp\/v2\/media\/880"}],"wp:attachment":[{"href":"https:\/\/mont3.sociationdev.com\/fr\/wp-json\/wp\/v2\/media?parent=414"}],"curies":[{"name":"wp","href":"https:\/\/api.w.org\/{rel}","templated":true}]}}