{"id":402,"date":"2017-01-16T16:49:52","date_gmt":"2017-01-16T16:49:52","guid":{"rendered":"https:\/\/mont3.sociationdev.com\/?page_id=402\/"},"modified":"2024-01-17T18:09:38","modified_gmt":"2024-01-17T18:09:38","slug":"camp-dete","status":"publish","type":"page","link":"https:\/\/mont3.sociationdev.com\/fr\/programmes\/camp-dete\/","title":{"rendered":"Camp d&rsquo;\u00e9t\u00e9 pour tout-petits"},"content":{"rendered":"<h2>Camp d&rsquo;\u00e9t\u00e9 pour tout-petits<\/h2>\n<p>L\u2019\u00e9cole Parkdale Montessori organise un camp d&rsquo;\u00e9t\u00e9 qui comprend une vari\u00e9t\u00e9 d&rsquo;activit\u00e9s pour les tout-petits et qui offre un environnement amusant pendant l&rsquo;\u00e9t\u00e9! Il n&rsquo;y a pas de le\u00e7ons formelles Montessori. Chaque semaine, les jeunes enfants explorent un th\u00e8me diff\u00e9rent et toutes les activit\u00e9s sont li\u00e9es \u00e0 ce th\u00e8me.<\/p>\n<h2>Activit\u00e9s\/routine g\u00e9n\u00e9rales<\/h2>\n<ul>\n<li>Th\u00e8me hebdomadaire (les couleurs, les modes de transport, l&rsquo;oc\u00e9an, les animaux de la jungle, \u00e0 la ferme, etc.)<\/li>\n<li>Bricolages (y compris le dessin, la peinture, le collage, le coloriage, etc.)<\/li>\n<li>Chansons, comptines, histoires, musique et mouvement<\/li>\n<li>Jouets et activit\u00e9s d&rsquo;int\u00e9rieur (LEGO, puzzles, p\u00e2te \u00e0 modeler, r\u00e9pliques d\u2019animaux, etc.)<\/li>\n<li>Activit\u00e9s ext\u00e9rieures (ballons de football, tricycles, petites voitures, bac \u00e0 sable, etc.)<\/li>\n<li>Jeux d\u2019eau (arrosage, bulles, table d\u2019eau avec jouets en plastique, etc.)<\/li>\n<li>Collation du matin, d\u00eener et go\u00fbter en apr\u00e8s-midi<\/li>\n<li>Sieste<\/li>\n<\/ul>\n<h2>Horaire<\/h2>\n<ul>\n<li>Le camp des tout-petits se d\u00e9roule pendant plusieurs semaines durant l&rsquo;\u00e9t\u00e9. Les heures d&rsquo;ouverture sont de 8h30 \u00e0 15h30 avec une option de garderie du matin de 8h00 \u00e0 8h30 et une garderie du soir de 15h30 \u00e0 17h00.<\/li>\n<li>Le programme est disponible par semaine pour permettre aux familles une plus grande flexibilit\u00e9 dans leur horaire d&rsquo;\u00e9t\u00e9.<\/li>\n<\/ul>\n<h2>Conditions<\/h2>\n<ul>\n<li>Les enfants doivent \u00eatre actuellement inscrits au programme pour tout-petits et avoir pass\u00e9 au moins un trimestre scolaire \u00e0 l&rsquo;\u00e9cole Parkdale Montessori pour participer \u00e0 notre camp d&rsquo;\u00e9t\u00e9.<\/li>\n<\/ul>\n<h2>Frais<\/h2>\n<ul>\n<li><span style=\"color: #ff0000;\">L\u2019\u00e9cole Parkdale Montessori fait partie du syst\u00e8me pancanadien d\u2019AGJE, cons\u00e9quemment les frais de camp d\u2019\u00e9t\u00e9 ont \u00e9t\u00e9 r\u00e9duits.<\/span><\/li>\n<li>Les frais pour le camp d\u2019\u00e9t\u00e9 comprennent : 6 heures d\u2019activit\u00e9s par jour, deux collations nutritives par jour, un d\u00e9jeuner quotidien fait par le traiteur l\u2019Entreprise Mazzola ainsi que tous les co\u00fbts de mat\u00e9riel et d\u2019entretien.<\/li>\n<li>Les familles ont la possibilit\u00e9 de s\u00e9lectionner la garderie du matin et\/ou la garderie du soir sil elles ont besoin de services de garde prolong\u00e9s en dehors des heures de camp.<\/li>\n<\/ul>\n<table style=\"width: 100%; border-collapse: collapse; background-color: #ffffff;\" border=\"1\">\n<tbody>\n<tr>\n<td style=\"width: 33.3333%; text-align: center;\"><strong>Programme<\/strong><\/td>\n<td style=\"width: 33.3333%; text-align: center;\"><strong>Horaire<\/strong><\/td>\n<td style=\"width: 33.3333%; text-align: center;\"><strong>Montant<\/strong><\/td>\n<\/tr>\n<tr style=\"background-color: #ffffff;\">\n<td style=\"width: 33.3333%; text-align: center;\"><strong>Camp d&rsquo;\u00e9t\u00e9<\/strong><\/td>\n<td style=\"width: 33.3333%; text-align: center;\">8h30 &#8211; 15h30<\/td>\n<td style=\"width: 33.3333%; text-align: center;\">200$\/semaine<\/td>\n<\/tr>\n<tr style=\"background-color: #ffffff;\">\n<td style=\"width: 33.3333%; text-align: center;\"><strong>Garderie du matin<\/strong><\/td>\n<td style=\"width: 33.3333%; text-align: center;\">8h00 &#8211; 8h30<\/td>\n<td style=\"width: 33.3333%; text-align: center;\">10$\/semaine<\/td>\n<\/tr>\n<tr style=\"background-color: #ffffff;\">\n<td style=\"width: 33.3333%; text-align: center;\"><strong>Garderie du soir<\/strong><\/td>\n<td style=\"width: 33.3333%; text-align: center;\">15h30 &#8211; 17h00<\/td>\n<td style=\"width: 33.3333%; text-align: center;\">30$\/semaine<\/td>\n<\/tr>\n<\/tbody>\n<\/table>\n<p>&nbsp;<\/p>\n<h2>Informations importantes<\/h2>\n<ul>\n<li><u>En aucune circonstance, un remboursement ou cr\u00e9dit sera donn\u00e9 apr\u00e8s le 1er juin<\/u>.<\/li>\n<li>Frais et horaires susceptibles de changer.<\/li>\n<li>Un minimum de 5 enfants par semaine est n\u00e9cessaire pour que le camp d&rsquo;\u00e9t\u00e9 ait lieu. \u00a0Si le nombre d&rsquo;inscriptions est inf\u00e9rieur \u00e0 5, le camp pour cette semaine sp\u00e9cifique sera annul\u00e9 et les familles seront rembours\u00e9es.<\/li>\n<li>Places limit\u00e9es disponibles. L\u2019attribution d\u2019une place se fera dans l\u2019ordre de la date \u00e0 laquelle le formulaire d\u2019inscription et les frais ont \u00e9t\u00e9 fournis au secr\u00e9tariat scolaire.<\/li>\n<\/ul>\n<h2>Galerie<\/h2>\n<div class=\"mont-gallery-wrapper\"><div class=\"col-md-6 col-xs-6 gallery_block\"><a href=\"\/fr\/gallery\"><img decoding=\"async\" src=\"https:\/\/mont3.sociationdev.com\/wp-content\/uploads\/2017\/01\/CasaSummerCamp1-327x241.jpg\"\/><\/a><\/div><div class=\"col-md-6 col-xs-6 gallery_block\"><a href=\"\/fr\/gallery\"><img decoding=\"async\" src=\"https:\/\/mont3.sociationdev.com\/wp-content\/uploads\/2017\/01\/ToddlerSummerCamp1-327x241.jpg\"\/><\/a><\/div><\/div>\n","protected":false},"excerpt":{"rendered":"<p>Camp d&rsquo;\u00e9t\u00e9 pour tout-petits L\u2019\u00e9cole Parkdale Montessori organise un camp d&rsquo;\u00e9t\u00e9 qui comprend une vari\u00e9t\u00e9 d&rsquo;activit\u00e9s pour les tout-petits et qui offre un environnement amusant pendant l&rsquo;\u00e9t\u00e9! Il n&rsquo;y a pas de le\u00e7ons formelles Montessori. Chaque semaine, les jeunes enfants explorent un th\u00e8me diff\u00e9rent et toutes les activit\u00e9s sont li\u00e9es \u00e0 ce th\u00e8me. Activit\u00e9s\/routine g\u00e9n\u00e9rales [&#8230;]<\/p>\n<p><a class=\"btn btn-secondary sociation-read-more-link\" href=\"https:\/\/mont3.sociationdev.com\/fr\/programmes\/camp-dete\/\">Plus&#8230;<\/a><\/p>\n","protected":false},"author":2,"featured_media":5072,"parent":338,"menu_order":0,"comment_status":"closed","ping_status":"closed","template":"single.php","meta":{"_acf_changed":false,"footnotes":""},"class_list":["post-402","page","type-page","status-publish","has-post-thumbnail","hentry"],"acf":[],"yoast_head":"<!-- This site is optimized with the Yoast SEO Premium plugin v15.5 - https:\/\/yoast.com\/wordpress\/plugins\/seo\/ -->\n<title>Camp d&#039;\u00e9t\u00e9 pour tout-petits - Parkdale Montessori School - \u00c9cole Montessori Ottawa<\/title>\n<meta name=\"robots\" content=\"noindex, follow, max-snippet:-1, max-image-preview:large, max-video-preview:-1\" \/>\n<meta property=\"og:locale\" content=\"fr_FR\" \/>\n<meta property=\"og:type\" content=\"article\" \/>\n<meta property=\"og:title\" content=\"Camp d&#039;\u00e9t\u00e9 pour tout-petits - Parkdale Montessori School - \u00c9cole Montessori Ottawa\" \/>\n<meta property=\"og:description\" content=\"Camp d&rsquo;\u00e9t\u00e9 pour tout-petits L\u2019\u00e9cole Parkdale Montessori organise un camp d&rsquo;\u00e9t\u00e9 qui comprend une vari\u00e9t\u00e9 d&rsquo;activit\u00e9s pour les tout-petits et qui offre un environnement amusant pendant l&rsquo;\u00e9t\u00e9! Il n&rsquo;y a pas de le\u00e7ons formelles Montessori. Chaque semaine, les jeunes enfants explorent un th\u00e8me diff\u00e9rent et toutes les activit\u00e9s sont li\u00e9es \u00e0 ce th\u00e8me. Activit\u00e9s\/routine g\u00e9n\u00e9rales [...]Plus...\" \/>\n<meta property=\"og:url\" content=\"https:\/\/mont3.sociationdev.com\/fr\/programmes\/camp-dete\/\" \/>\n<meta property=\"og:site_name\" content=\"Parkdale Montessori School - \u00c9cole Montessori Ottawa\" \/>\n<meta property=\"article:publisher\" content=\"https:\/\/www.facebook.com\/ParkdaleMontessoriSchool\/\" \/>\n<meta property=\"article:modified_time\" content=\"2024-01-17T18:09:38+00:00\" \/>\n<meta property=\"og:image\" content=\"https:\/\/mont3.sociationdev.com\/wp-content\/uploads\/2020\/07\/Summer-Camp-Photo-2020.jpg\" \/>\n\t<meta property=\"og:image:width\" content=\"720\" \/>\n\t<meta property=\"og:image:height\" content=\"480\" \/>\n<meta name=\"twitter:card\" content=\"summary\" \/>\n<meta name=\"twitter:label1\" content=\"Dur\u00e9e de lecture estim\u00e9e\">\n\t<meta name=\"twitter:data1\" content=\"2 minutes\">\n<script type=\"application\/ld+json\" class=\"yoast-schema-graph\">{\"@context\":\"https:\/\/schema.org\",\"@graph\":[{\"@type\":\"Organization\",\"@id\":\"https:\/\/mont3.sociationdev.com\/fr\/#organization\",\"name\":\"Parkdale Montessori\",\"url\":\"https:\/\/mont3.sociationdev.com\/fr\/\",\"sameAs\":[\"https:\/\/www.facebook.com\/ParkdaleMontessoriSchool\/\"],\"logo\":{\"@type\":\"ImageObject\",\"@id\":\"https:\/\/mont3.sociationdev.com\/fr\/#logo\",\"inLanguage\":\"fr-FR\",\"url\":\"https:\/\/mont3.sociationdev.com\/wp-content\/uploads\/2019\/02\/MONT-Favicon-1.png\",\"width\":239,\"height\":222,\"caption\":\"Parkdale Montessori\"},\"image\":{\"@id\":\"https:\/\/mont3.sociationdev.com\/fr\/#logo\"}},{\"@type\":\"WebSite\",\"@id\":\"https:\/\/mont3.sociationdev.com\/fr\/#website\",\"url\":\"https:\/\/mont3.sociationdev.com\/fr\/\",\"name\":\"Parkdale Montessori School - \\u00c9cole Montessori Ottawa\",\"description\":\"Parkdale Montessori School - \\u00c9cole Montessori Ottawa\",\"publisher\":{\"@id\":\"https:\/\/mont3.sociationdev.com\/fr\/#organization\"},\"potentialAction\":[{\"@type\":\"SearchAction\",\"target\":\"https:\/\/mont3.sociationdev.com\/fr\/?s={search_term_string}\",\"query-input\":\"required name=search_term_string\"}],\"inLanguage\":\"fr-FR\"},{\"@type\":\"ImageObject\",\"@id\":\"https:\/\/mont3.sociationdev.com\/fr\/programmes\/camp-dete\/#primaryimage\",\"inLanguage\":\"fr-FR\",\"url\":\"https:\/\/mont3.sociationdev.com\/wp-content\/uploads\/2020\/07\/Summer-Camp-Photo-2020.jpg\",\"width\":720,\"height\":480},{\"@type\":\"WebPage\",\"@id\":\"https:\/\/mont3.sociationdev.com\/fr\/programmes\/camp-dete\/#webpage\",\"url\":\"https:\/\/mont3.sociationdev.com\/fr\/programmes\/camp-dete\/\",\"name\":\"Camp d'\\u00e9t\\u00e9 pour tout-petits - Parkdale Montessori School - \\u00c9cole Montessori Ottawa\",\"isPartOf\":{\"@id\":\"https:\/\/mont3.sociationdev.com\/fr\/#website\"},\"primaryImageOfPage\":{\"@id\":\"https:\/\/mont3.sociationdev.com\/fr\/programmes\/camp-dete\/#primaryimage\"},\"datePublished\":\"2017-01-16T16:49:52+00:00\",\"dateModified\":\"2024-01-17T18:09:38+00:00\",\"inLanguage\":\"fr-FR\",\"potentialAction\":[{\"@type\":\"ReadAction\",\"target\":[\"https:\/\/mont3.sociationdev.com\/fr\/programmes\/camp-dete\/\"]}]}]}<\/script>\n<!-- \/ Yoast SEO Premium plugin. -->","_links":{"self":[{"href":"https:\/\/mont3.sociationdev.com\/fr\/wp-json\/wp\/v2\/pages\/402","targetHints":{"allow":["GET"]}}],"collection":[{"href":"https:\/\/mont3.sociationdev.com\/fr\/wp-json\/wp\/v2\/pages"}],"about":[{"href":"https:\/\/mont3.sociationdev.com\/fr\/wp-json\/wp\/v2\/types\/page"}],"author":[{"embeddable":true,"href":"https:\/\/mont3.sociationdev.com\/fr\/wp-json\/wp\/v2\/users\/2"}],"replies":[{"embeddable":true,"href":"https:\/\/mont3.sociationdev.com\/fr\/wp-json\/wp\/v2\/comments?post=402"}],"version-history":[{"count":39,"href":"https:\/\/mont3.sociationdev.com\/fr\/wp-json\/wp\/v2\/pages\/402\/revisions"}],"predecessor-version":[{"id":7445,"href":"https:\/\/mont3.sociationdev.com\/fr\/wp-json\/wp\/v2\/pages\/402\/revisions\/7445"}],"up":[{"embeddable":true,"href":"https:\/\/mont3.sociationdev.com\/fr\/wp-json\/wp\/v2\/pages\/338"}],"wp:featuredmedia":[{"embeddable":true,"href":"https:\/\/mont3.sociationdev.com\/fr\/wp-json\/wp\/v2\/media\/5072"}],"wp:attachment":[{"href":"https:\/\/mont3.sociationdev.com\/fr\/wp-json\/wp\/v2\/media?parent=402"}],"curies":[{"name":"wp","href":"https:\/\/api.w.org\/{rel}","templated":true}]}}