{"id":1862,"date":"2017-10-25T02:30:02","date_gmt":"2017-10-25T02:30:02","guid":{"rendered":"https:\/\/mont3.sociationdev.com\/?page_id=1862"},"modified":"2018-10-30T19:17:33","modified_gmt":"2018-10-30T19:17:33","slug":"information-pour-le-personnel","status":"publish","type":"page","link":"https:\/\/mont3.sociationdev.com\/fr\/information-pour-le-personnel\/","title":{"rendered":"Information pour le personnel"},"content":{"rendered":"<p>Bienvenue dans la page du document s\u00e9curis\u00e9 pour le personnel. Ici vous trouverez tous les documents de communication dont vous aurez besoin pour l&rsquo;ann\u00e9e scolaire. Veuillez t\u00e9l\u00e9charger le manuel de personnel ci-dessous. D&rsquo;autres documents importants peuvent \u00eatre trouv\u00e9s dans les sections\u00a0<span class=\"s1\">de chaque programme.<\/span><\/p>\n<p><em><strong>Note: Tous ces documents sont disponibles seulement en anglais.<\/strong><\/em><\/p>\n<h2>Information pour le personnel<\/h2>\n<ul class=\"dlm-downloads\"><li><a  data-e-Disable-Page-Transition=\"true\" class=\"download-link\" title=\"\" href=\"https:\/\/mont3.sociationdev.com\/download\/staff-directory-2023-2024\/?tmstv=1776773765\" rel=\"nofollow\" id=\"download-link-7250\" data-redirect=\"false\" >\n\tStaff Directory 2023-2024<\/a>\n<\/li><li><a  data-e-Disable-Page-Transition=\"true\" class=\"download-link\" title=\"\" href=\"https:\/\/mont3.sociationdev.com\/download\/staff-handbook-2019-2020\/?tmstv=1776773765\" rel=\"nofollow\" id=\"download-link-4417\" data-redirect=\"false\" >\n\tEmployee Handbook<\/a>\n<\/li><li><a  data-e-Disable-Page-Transition=\"true\" class=\"download-link\" title=\"\" href=\"https:\/\/mont3.sociationdev.com\/download\/employee-handbook-schedule-b\/?tmstv=1776773765\" rel=\"nofollow\" id=\"download-link-4947\" data-redirect=\"false\" >\n\tEmployee Handbook - Schedule B<\/a>\n<\/li><li><a  data-e-Disable-Page-Transition=\"true\" class=\"download-link\" title=\"\" href=\"https:\/\/mont3.sociationdev.com\/download\/employee-benefits-quebec-residents\/?tmstv=1776773765\" rel=\"nofollow\" id=\"download-link-4864\" data-redirect=\"false\" >\n\tEmployee Benefits (Quebec Residents)<\/a>\n<\/li><li><a  data-e-Disable-Page-Transition=\"true\" class=\"download-link\" title=\"\" href=\"https:\/\/mont3.sociationdev.com\/download\/benefits-from-ppi\/?tmstv=1776773765\" rel=\"nofollow\" id=\"download-link-4811\" data-redirect=\"false\" >\n\tEmployee Benefits (Ontario Residents)<\/a>\n<\/li><\/ul>\n\t\t\t\t\n<h2>Calendrier interne<\/h2>\n\n<h2>M\u00e9mos<\/h2>\n<ul class=\"dlm-downloads\"><li><a  data-e-Disable-Page-Transition=\"true\" class=\"download-link\" title=\"\" href=\"https:\/\/mont3.sociationdev.com\/download\/march-easter-craft\/?tmstv=1776773765\" rel=\"nofollow\" id=\"download-link-7543\" data-redirect=\"false\" >\n\tMarch - Easter Craft<\/a>\n<\/li><li><a  data-e-Disable-Page-Transition=\"true\" class=\"download-link\" title=\"\" href=\"https:\/\/mont3.sociationdev.com\/download\/march-spring-celebration\/?tmstv=1776773765\" rel=\"nofollow\" id=\"download-link-7539\" data-redirect=\"false\" >\n\tMarch - Spring Celebration<\/a>\n<\/li><li><a  data-e-Disable-Page-Transition=\"true\" class=\"download-link\" title=\"\" href=\"https:\/\/mont3.sociationdev.com\/download\/march-casa-seasonal-event\/?tmstv=1776773765\" rel=\"nofollow\" id=\"download-link-7535\" data-redirect=\"false\" >\n\tMarch - Casa Seasonal Event<\/a>\n<\/li><li><a  data-e-Disable-Page-Transition=\"true\" class=\"download-link\" title=\"\" href=\"https:\/\/mont3.sociationdev.com\/download\/march-toddler-parent-information-evening\/?tmstv=1776773765\" rel=\"nofollow\" id=\"download-link-7531\" data-redirect=\"false\" >\n\tMarch - Toddler Parent Information Evening<\/a>\n<\/li><li><a  data-e-Disable-Page-Transition=\"true\" class=\"download-link\" title=\"\" href=\"https:\/\/mont3.sociationdev.com\/download\/march-pt-conferences\/?tmstv=1776773765\" rel=\"nofollow\" id=\"download-link-7527\" data-redirect=\"false\" >\n\tMarch - PT Conferences<\/a>\n<\/li><li><a  data-e-Disable-Page-Transition=\"true\" class=\"download-link\" title=\"\" href=\"https:\/\/mont3.sociationdev.com\/download\/march-playground-thaw\/?tmstv=1776773765\" rel=\"nofollow\" id=\"download-link-7523\" data-redirect=\"false\" >\n\tMarch - Playground Thaw<\/a>\n<\/li><li><a  data-e-Disable-Page-Transition=\"true\" class=\"download-link\" title=\"\" href=\"https:\/\/mont3.sociationdev.com\/download\/february-pd-day\/?tmstv=1776773765\" rel=\"nofollow\" id=\"download-link-7505\" data-redirect=\"false\" >\n\tFebruary - PD Day<\/a>\n<\/li><li><a  data-e-Disable-Page-Transition=\"true\" class=\"download-link\" title=\"\" href=\"https:\/\/mont3.sociationdev.com\/download\/february-valentines-day-celebration\/?tmstv=1776773765\" rel=\"nofollow\" id=\"download-link-7501\" data-redirect=\"false\" >\n\tFebruary - Valentine's Day Celebration<\/a>\n<\/li><li><a  data-e-Disable-Page-Transition=\"true\" class=\"download-link\" title=\"\" href=\"https:\/\/mont3.sociationdev.com\/download\/february-casa-information-evening\/?tmstv=1776773765\" rel=\"nofollow\" id=\"download-link-7497\" data-redirect=\"false\" >\n\tFebruary - Casa Information Evening<\/a>\n<\/li><li><a  data-e-Disable-Page-Transition=\"true\" class=\"download-link\" title=\"\" href=\"https:\/\/mont3.sociationdev.com\/download\/january-new-students-and-move-up\/?tmstv=1776773765\" rel=\"nofollow\" id=\"download-link-7362\" data-redirect=\"false\" >\n\tJanuary - New Students and Move-Up<\/a>\n<\/li><li><a  data-e-Disable-Page-Transition=\"true\" class=\"download-link\" title=\"\" href=\"https:\/\/mont3.sociationdev.com\/download\/january-colour-day-celebration\/?tmstv=1776773765\" rel=\"nofollow\" id=\"download-link-7358\" data-redirect=\"false\" >\n\tJanuary - Colour Day Celebration<\/a>\n<\/li><li><a  data-e-Disable-Page-Transition=\"true\" class=\"download-link\" title=\"\" href=\"https:\/\/mont3.sociationdev.com\/download\/january-children-winter-dress-code\/?tmstv=1776773765\" rel=\"nofollow\" id=\"download-link-7354\" data-redirect=\"false\" >\n\tJanuary - Children Winter Dress Code<\/a>\n<\/li><li><a  data-e-Disable-Page-Transition=\"true\" class=\"download-link\" title=\"\" href=\"https:\/\/mont3.sociationdev.com\/download\/december-end-of-term-early-dismissal-and-pd-day\/?tmstv=1776773765\" rel=\"nofollow\" id=\"download-link-7350\" data-redirect=\"false\" >\n\tDecember - End of Term, Early dismissal and PD Day<\/a>\n<\/li><li><a  data-e-Disable-Page-Transition=\"true\" class=\"download-link\" title=\"\" href=\"https:\/\/mont3.sociationdev.com\/download\/december-event-preparations\/?tmstv=1776773765\" rel=\"nofollow\" id=\"download-link-7346\" data-redirect=\"false\" >\n\tDecember - Event Preparations<\/a>\n<\/li><li><a  data-e-Disable-Page-Transition=\"true\" class=\"download-link\" title=\"\" href=\"https:\/\/mont3.sociationdev.com\/download\/november-december-preparation\/?tmstv=1776773765\" rel=\"nofollow\" id=\"download-link-7328\" data-redirect=\"false\" >\n\tNovember - December Preparation<\/a>\n<\/li><li><a  data-e-Disable-Page-Transition=\"true\" class=\"download-link\" title=\"\" href=\"https:\/\/mont3.sociationdev.com\/download\/november-pd-day\/?tmstv=1776773765\" rel=\"nofollow\" id=\"download-link-7324\" data-redirect=\"false\" >\n\tNovember - PD Day<\/a>\n<\/li><li><a  data-e-Disable-Page-Transition=\"true\" class=\"download-link\" title=\"\" href=\"https:\/\/mont3.sociationdev.com\/download\/november-p-t-conferences\/?tmstv=1776773765\" rel=\"nofollow\" id=\"download-link-7320\" data-redirect=\"false\" >\n\tNovember - P\/T Conferences<\/a>\n<\/li><li><a  data-e-Disable-Page-Transition=\"true\" class=\"download-link\" title=\"\" href=\"https:\/\/mont3.sociationdev.com\/download\/november-show-and-tell-event\/?tmstv=1776773765\" rel=\"nofollow\" id=\"download-link-7315\" data-redirect=\"false\" >\n\tNovember - Show and Tell Event<\/a>\n<\/li><li><a  data-e-Disable-Page-Transition=\"true\" class=\"download-link\" title=\"\" href=\"https:\/\/mont3.sociationdev.com\/download\/november-remembrance-day\/?tmstv=1776773765\" rel=\"nofollow\" id=\"download-link-7307\" data-redirect=\"false\" >\n\tNovember - Remembrance Day<\/a>\n<\/li><li><a  data-e-Disable-Page-Transition=\"true\" class=\"download-link\" title=\"\" href=\"https:\/\/mont3.sociationdev.com\/download\/november-open-house\/?tmstv=1776773765\" rel=\"nofollow\" id=\"download-link-7303\" data-redirect=\"false\" >\n\tNovember - Open House<\/a>\n<\/li><li><a  data-e-Disable-Page-Transition=\"true\" class=\"download-link\" title=\"\" href=\"https:\/\/mont3.sociationdev.com\/download\/november-pajama-day\/?tmstv=1776773765\" rel=\"nofollow\" id=\"download-link-7299\" data-redirect=\"false\" >\n\tNovember - Pajama Day<\/a>\n<\/li><li><a  data-e-Disable-Page-Transition=\"true\" class=\"download-link\" title=\"\" href=\"https:\/\/mont3.sociationdev.com\/download\/november-dressing-children-for-outdoors\/?tmstv=1776773765\" rel=\"nofollow\" id=\"download-link-7295\" data-redirect=\"false\" >\n\tNovember - Dressing Children for Outdoors<\/a>\n<\/li><li><a  data-e-Disable-Page-Transition=\"true\" class=\"download-link\" title=\"\" href=\"https:\/\/mont3.sociationdev.com\/download\/october-parent-information-evening\/?tmstv=1776773765\" rel=\"nofollow\" id=\"download-link-7286\" data-redirect=\"false\" >\n\tOctober - Parent Information Evening<\/a>\n<\/li><li><a  data-e-Disable-Page-Transition=\"true\" class=\"download-link\" title=\"\" href=\"https:\/\/mont3.sociationdev.com\/download\/october-fall-celebration\/?tmstv=1776773765\" rel=\"nofollow\" id=\"download-link-7282\" data-redirect=\"false\" >\n\tOctober - Fall Celebration<\/a>\n<\/li><li><a  data-e-Disable-Page-Transition=\"true\" class=\"download-link\" title=\"\" href=\"https:\/\/mont3.sociationdev.com\/download\/october-pd-day\/?tmstv=1776773765\" rel=\"nofollow\" id=\"download-link-7278\" data-redirect=\"false\" >\n\tOctober - PD Day<\/a>\n<\/li><li><a  data-e-Disable-Page-Transition=\"true\" class=\"download-link\" title=\"\" href=\"https:\/\/mont3.sociationdev.com\/download\/october-halloween-party\/?tmstv=1776773765\" rel=\"nofollow\" id=\"download-link-7274\" data-redirect=\"false\" >\n\tOctober - Halloween Party<\/a>\n<\/li><li><a  data-e-Disable-Page-Transition=\"true\" class=\"download-link\" title=\"\" href=\"https:\/\/mont3.sociationdev.com\/download\/october-children-fall-clothing\/?tmstv=1776773765\" rel=\"nofollow\" id=\"download-link-7270\" data-redirect=\"false\" >\n\tOctober - Children Fall Clothing<\/a>\n<\/li><li><a  data-e-Disable-Page-Transition=\"true\" class=\"download-link\" title=\"\" href=\"https:\/\/mont3.sociationdev.com\/download\/october-2023-children-belongings\/?tmstv=1776773765\" rel=\"nofollow\" id=\"download-link-7266\" data-redirect=\"false\" >\n\tOctober - Children Belongings<\/a>\n<\/li><li><a  data-e-Disable-Page-Transition=\"true\" class=\"download-link\" title=\"\" href=\"https:\/\/mont3.sociationdev.com\/download\/september-reminders-from-employee-handbook-sch-a\/?tmstv=1776773765\" rel=\"nofollow\" id=\"download-link-7241\" data-redirect=\"false\" >\n\tSeptember - Reminders from Employee Handbook (Sch. A)<\/a>\n<\/li><li><a  data-e-Disable-Page-Transition=\"true\" class=\"download-link\" title=\"\" href=\"https:\/\/mont3.sociationdev.com\/download\/september-lunches-brought-from-home-by-students\/?tmstv=1776773765\" rel=\"nofollow\" id=\"download-link-7237\" data-redirect=\"false\" >\n\tSeptember - Lunches brought from home (by students)<\/a>\n<\/li><li><a  data-e-Disable-Page-Transition=\"true\" class=\"download-link\" title=\"\" href=\"https:\/\/mont3.sociationdev.com\/download\/september-first-pay-day\/?tmstv=1776773765\" rel=\"nofollow\" id=\"download-link-7233\" data-redirect=\"false\" >\n\tSeptember - First Pay Day<\/a>\n<\/li><li><a  data-e-Disable-Page-Transition=\"true\" class=\"download-link\" title=\"\" href=\"https:\/\/mont3.sociationdev.com\/download\/september-fire-drill\/?tmstv=1776773765\" rel=\"nofollow\" id=\"download-link-7229\" data-redirect=\"false\" >\n\tSeptember - Fire Drill<\/a>\n<\/li><li><a  data-e-Disable-Page-Transition=\"true\" class=\"download-link\" title=\"\" href=\"https:\/\/mont3.sociationdev.com\/download\/september-expense-sheets\/?tmstv=1776773765\" rel=\"nofollow\" id=\"download-link-7225\" data-redirect=\"false\" >\n\tSeptember - Expense Sheets<\/a>\n<\/li><\/ul>\n\t\t\t\t\n","protected":false},"excerpt":{"rendered":"<p>Bienvenue dans la page du document s\u00e9curis\u00e9 pour le personnel. Ici vous trouverez tous les documents de communication dont vous aurez besoin pour l&rsquo;ann\u00e9e scolaire. Veuillez t\u00e9l\u00e9charger le manuel de personnel ci-dessous. D&rsquo;autres documents importants peuvent \u00eatre trouv\u00e9s dans les sections\u00a0de chaque programme. Note: Tous ces documents sont disponibles seulement en anglais. Information pour le [&#8230;]<\/p>\n<p><a class=\"btn btn-secondary sociation-read-more-link\" href=\"https:\/\/mont3.sociationdev.com\/fr\/information-pour-le-personnel\/\">Plus&#8230;<\/a><\/p>\n","protected":false},"author":84,"featured_media":0,"parent":0,"menu_order":0,"comment_status":"closed","ping_status":"closed","template":"page-templates\/staff-information.php","meta":{"_acf_changed":false,"footnotes":""},"class_list":["post-1862","page","type-page","status-publish","hentry"],"acf":[],"yoast_head":"<!-- This site is optimized with the Yoast SEO Premium plugin v15.5 - https:\/\/yoast.com\/wordpress\/plugins\/seo\/ -->\n<title>Information pour le personnel - Parkdale Montessori School - \u00c9cole Montessori Ottawa<\/title>\n<meta name=\"robots\" content=\"noindex, follow, max-snippet:-1, max-image-preview:large, max-video-preview:-1\" \/>\n<meta property=\"og:locale\" content=\"fr_FR\" \/>\n<meta property=\"og:type\" content=\"article\" \/>\n<meta property=\"og:title\" content=\"Information pour le personnel - Parkdale Montessori School - \u00c9cole Montessori Ottawa\" \/>\n<meta property=\"og:description\" content=\"Bienvenue dans la page du document s\u00e9curis\u00e9 pour le personnel. Ici vous trouverez tous les documents de communication dont vous aurez besoin pour l&rsquo;ann\u00e9e scolaire. Veuillez t\u00e9l\u00e9charger le manuel de personnel ci-dessous. D&rsquo;autres documents importants peuvent \u00eatre trouv\u00e9s dans les sections\u00a0de chaque programme. Note: Tous ces documents sont disponibles seulement en anglais. Information pour le [...]Plus...\" \/>\n<meta property=\"og:url\" content=\"https:\/\/mont3.sociationdev.com\/fr\/information-pour-le-personnel\/\" \/>\n<meta property=\"og:site_name\" content=\"Parkdale Montessori School - \u00c9cole Montessori Ottawa\" \/>\n<meta property=\"article:publisher\" content=\"https:\/\/www.facebook.com\/ParkdaleMontessoriSchool\/\" \/>\n<meta property=\"article:modified_time\" content=\"2018-10-30T19:17:33+00:00\" \/>\n<meta name=\"twitter:card\" content=\"summary\" \/>\n<meta name=\"twitter:label1\" content=\"Dur\u00e9e de lecture estim\u00e9e\">\n\t<meta name=\"twitter:data1\" content=\"0 minute\">\n<script type=\"application\/ld+json\" class=\"yoast-schema-graph\">{\"@context\":\"https:\/\/schema.org\",\"@graph\":[{\"@type\":\"Organization\",\"@id\":\"https:\/\/mont3.sociationdev.com\/fr\/#organization\",\"name\":\"Parkdale Montessori\",\"url\":\"https:\/\/mont3.sociationdev.com\/fr\/\",\"sameAs\":[\"https:\/\/www.facebook.com\/ParkdaleMontessoriSchool\/\"],\"logo\":{\"@type\":\"ImageObject\",\"@id\":\"https:\/\/mont3.sociationdev.com\/fr\/#logo\",\"inLanguage\":\"fr-FR\",\"url\":\"https:\/\/mont3.sociationdev.com\/wp-content\/uploads\/2019\/02\/MONT-Favicon-1.png\",\"width\":239,\"height\":222,\"caption\":\"Parkdale Montessori\"},\"image\":{\"@id\":\"https:\/\/mont3.sociationdev.com\/fr\/#logo\"}},{\"@type\":\"WebSite\",\"@id\":\"https:\/\/mont3.sociationdev.com\/fr\/#website\",\"url\":\"https:\/\/mont3.sociationdev.com\/fr\/\",\"name\":\"Parkdale Montessori School - \\u00c9cole Montessori Ottawa\",\"description\":\"Parkdale Montessori School - \\u00c9cole Montessori Ottawa\",\"publisher\":{\"@id\":\"https:\/\/mont3.sociationdev.com\/fr\/#organization\"},\"potentialAction\":[{\"@type\":\"SearchAction\",\"target\":\"https:\/\/mont3.sociationdev.com\/fr\/?s={search_term_string}\",\"query-input\":\"required name=search_term_string\"}],\"inLanguage\":\"fr-FR\"},{\"@type\":\"WebPage\",\"@id\":\"https:\/\/mont3.sociationdev.com\/fr\/information-pour-le-personnel\/#webpage\",\"url\":\"https:\/\/mont3.sociationdev.com\/fr\/information-pour-le-personnel\/\",\"name\":\"Information pour le personnel - Parkdale Montessori School - \\u00c9cole Montessori Ottawa\",\"isPartOf\":{\"@id\":\"https:\/\/mont3.sociationdev.com\/fr\/#website\"},\"datePublished\":\"2017-10-25T02:30:02+00:00\",\"dateModified\":\"2018-10-30T19:17:33+00:00\",\"inLanguage\":\"fr-FR\",\"potentialAction\":[{\"@type\":\"ReadAction\",\"target\":[\"https:\/\/mont3.sociationdev.com\/fr\/information-pour-le-personnel\/\"]}]}]}<\/script>\n<!-- \/ Yoast SEO Premium plugin. -->","_links":{"self":[{"href":"https:\/\/mont3.sociationdev.com\/fr\/wp-json\/wp\/v2\/pages\/1862","targetHints":{"allow":["GET"]}}],"collection":[{"href":"https:\/\/mont3.sociationdev.com\/fr\/wp-json\/wp\/v2\/pages"}],"about":[{"href":"https:\/\/mont3.sociationdev.com\/fr\/wp-json\/wp\/v2\/types\/page"}],"author":[{"embeddable":true,"href":"https:\/\/mont3.sociationdev.com\/fr\/wp-json\/wp\/v2\/users\/84"}],"replies":[{"embeddable":true,"href":"https:\/\/mont3.sociationdev.com\/fr\/wp-json\/wp\/v2\/comments?post=1862"}],"version-history":[{"count":7,"href":"https:\/\/mont3.sociationdev.com\/fr\/wp-json\/wp\/v2\/pages\/1862\/revisions"}],"predecessor-version":[{"id":3444,"href":"https:\/\/mont3.sociationdev.com\/fr\/wp-json\/wp\/v2\/pages\/1862\/revisions\/3444"}],"wp:attachment":[{"href":"https:\/\/mont3.sociationdev.com\/fr\/wp-json\/wp\/v2\/media?parent=1862"}],"curies":[{"name":"wp","href":"https:\/\/api.w.org\/{rel}","templated":true}]}}