{"id":1840,"date":"2017-10-23T16:32:21","date_gmt":"2017-10-23T16:32:21","guid":{"rendered":"https:\/\/mont3.sociationdev.com\/?page_id=1840"},"modified":"2024-01-16T18:24:45","modified_gmt":"2024-01-16T18:24:45","slug":"lequipe-pedagogique","status":"publish","type":"page","link":"https:\/\/mont3.sociationdev.com\/fr\/lecole\/lequipe-pedagogique\/","title":{"rendered":"L\u2019\u00e9quipe p\u00e9dagogique"},"content":{"rendered":"<h2><span style=\"color: #df6f00;\">L\u2019\u00e9quipe p\u00e9dagogique<\/span><\/h2>\n<p>Parkdale Montessori est une \u00e9cole accr\u00e9dit\u00e9 AMI, et membre de l&rsquo;Assurance Qualit\u00e9 Montessori (groupe qui adh\u00e8re aux principes de l&rsquo;Association Montessori Internationale).\u00a0L\u2019\u00e9cole Parkdale Montessori est une \u00e9cole priv\u00e9e non confessionnelle, inscrite en vertu de la Loi de 2014 sur la garde d&rsquo;enfants et la petite enfance et agr\u00e9\u00e9e par le Minist\u00e8re de l\u2019\u00c9ducation.<\/p>\n<h3><span style=\"color: #df6f17;\">Propri\u00e9taires :<\/span><\/h3>\n<p>Les \u00e9poux Claude et Sandrine Flight sont les cr\u00e9ateurs et les propri\u00e9taires de l\u2019\u00e9cole Parkdale Montessori. Ils sont actuellement \u00e0 la t\u00eate d\u2019une \u00e9quipe de 20 employ\u00e9s comprenant des enseignants form\u00e9s en p\u00e9dagogie Montessori, des assistants et des rempla\u00e7ants d\u00e9vou\u00e9s.<\/p>\n<p><strong>Sandrine Flight<\/strong>, B.A., M.Ed., AMI. Sandrine est n\u00e9e en Belgique et a pass\u00e9 son enfance en Belgique et en France. Elle poss\u00e8de un dipl\u00f4me d\u2019\u00e9tudes sup\u00e9rieures en linguistique et langues appliqu\u00e9es, ainsi qu\u2019un dipl\u00f4me d\u2019\u00e9tudes cin\u00e9matographiques de l\u2019universit\u00e9 Carleton d\u2019Ottawa. Elle a obtenu son dipl\u00f4me AMI pour le niveau casa \u00e0 la Foundation for Montessori Education de Toronto. Elle poss\u00e8de \u00e9galement une ma\u00eetrise en \u00e9ducation (sp\u00e9cialisation Montessori) de Loyola University du Maryland. Sandrine travaille dans le domaine Montessori depuis 25 ans et a enseign\u00e9 dans des \u00e9coles \u00e0 Toronto et Ottawa. Elle est membre de l\u2019association AMI Canada.<\/p>\n<p><strong>Claude Flight<\/strong>, B.A., B.Sc., M.A., PMP. Claude est originaire de Terre-Neuve. Avant d\u2019ouvrir l\u2019\u00e9cole Parkdale Montessori, Claude a fait carri\u00e8re pendant 25 ans dans la gestion de projet et dans le marketing. Il a obtenu un baccalaur\u00e9at en art, un baccalaur\u00e9at de sciences, et une ma\u00eetrise \u00e0 l\u2019Universit\u00e9 Memorial de Terre-Neuve, ainsi qu&rsquo;une ma\u00eetrise en gestion de projet \u00e0 l\u2019Universit\u00e9 du Qu\u00e9bec. Claude poss\u00e8de \u00e9galement un dipl\u00f4me en criminologie. Claude propose des services de consultation et a eu l&rsquo;occasion de donner une pr\u00e9sentation \u00e0 la conf\u00e9rence internationale de la Fondation Montessori. Claude est \u00e9galement auteur de livres pour enfants et a r\u00e9cemment publi\u00e9 \u00ab\u00a0Sally&rsquo;s Stomach\u00a0\u00bb.<\/p>\n<h3><span style=\"color: #df6f17;\">Superviseuse scolaire :<\/span><\/h3>\n<p><span class=\"style4 style8\"><strong>Jasmine Steadman<\/strong>, DCS, CRLA, MEY <span lang=\"FR-CA\">dipl\u00f4mes Montessori<\/span>. Jasmine est n\u00e9e et a grandi au Qu\u00e9bec. Jasmine est dipl\u00f4m\u00e9e du<\/span> <span class=\"style4 style8\">Coll\u00e8ge H\u00e9ritage duquel elle a re\u00e7u un dipl\u00f4me de Technologie en Syst\u00e8me Office (sp\u00e9cialisation en micro\u00e9dition et hyperm\u00e9dia) et un certificat de tutorat r\u00e9gulier. Jasmine travaillait pour le gouvernement du Canada ainsi qu\u2019en gestion dans le secteur du service alimentaire, mais apr\u00e8s avoir d\u00e9couvert la philosophie Montessori, elle d\u00e9cida de poursuivre une carri\u00e8re en \u00e9ducation. Elle a obtenu un certificat d\u2019<span class=\"style11 style12\">a<\/span>ssistante en \u00e9ducation Montessori. Jasmine a travaill\u00e9 pendant de nombreuses ann\u00e9es en classe (aux niveaux des tout-petits, casa et primaire) avant d&rsquo;accepter le poste de superviseuse de l&rsquo;\u00e9cole. <\/span><\/p>\n<h3><span style=\"color: #df6f17;\">Gestionnaire des finances \/ Superviseuse des assistantes :<\/span><\/h3>\n<p><span class=\"style10\"><strong>Rebecca Schwartz<\/strong>, B.A., B.Ed., MEY. Rebecca a grandi dans la petite ville d&rsquo;Almonte, juste \u00e0 l&rsquo;ext\u00e9rieur d&rsquo;Ottawa, o\u00f9 elle a toujours su qu&rsquo;elle voulait \u00eatre impliqu\u00e9e dans l&rsquo;\u00e9ducation des enfants plus tard dans la vie. Elle est dipl\u00f4m\u00e9e de l&rsquo;Universit\u00e9 d&rsquo;Ottawa en litt\u00e9rature anglaise et psychologie. Rebecca a \u00e9galement un baccalaur\u00e9at en \u00e9ducation au niveau primaire. Elle a aussi un certificat Montessori Early Years, obtenu \u00e0 Ottawa. Rebecca a pass\u00e9 un an dans le poste d&rsquo;administratrice de l&rsquo;\u00e9cole, couvrant un cong\u00e9 de maternit\u00e9 du personnel. Elle a depuis pris le r\u00f4le de gestionnaire des finances et demeure membre de l&rsquo;\u00e9quipe d&rsquo;administration tout en travaillant avec des enfants au niveau casa.<\/span><\/p>\n<h3><span style=\"color: #df6f17;\">Superviseuse p\u00e9dagogique \/ Enseignante Casa :<\/span><\/h3>\n<p><strong>Mme Danielle<\/strong>, B.A., ECE, AMI. Danielle est originaire du Nouveau-Brunswick et a fait ses \u00e9tudes \u00e0 l\u2019universit\u00e9 de Moncton o\u00f9 elle a obtenu un dipl\u00f4me d\u2019\u00e9tudes universitaires en enseignement des arts visuels. Apr\u00e8s avoir enseign\u00e9 quelques ann\u00e9es dans le syst\u00e8me d\u2019\u00e9ducation public, elle est partie s\u2019installer \u00e0 Vancouver pour obtenir son dipl\u00f4me AMI pour le niveau casa et son certificat en \u00e9ducation des petits au centre de formation Montessori de Colombie-Britannique en 2001. Depuis, elle n\u2019a cess\u00e9 d\u2019enseigner en anglais et en fran\u00e7ais, d\u2019abord \u00e0 Vancouver puis \u00e0 Ottawa. Danielle est un membre actif de l\u2019association AMI Canada, et participe r\u00e9guli\u00e8rement \u00e0 des stages de remise \u00e0 niveau, \u00e0 des ateliers et \u00e0 des conf\u00e9rences \u00e0 l\u2019\u00e9chelle locale, nationale et internationale.<\/p>\n<h3><span style=\"color: #df6f17;\">Superviseuse <span lang=\"FR-CA\">de la communaut\u00e9 enfantine <\/span>\/ <\/span><span style=\"color: #df6f17;\">Enseignante <\/span><span style=\"color: #df6f17;\">des tout-petits :<\/span><\/h3>\n<p><span lang=\"FR-CA\"><strong>Mme Jessica<\/strong>, B.A, dipl\u00f4me DSW, dipl\u00f4mes Montessori. Elle a obtenu un baccalaur\u00e9at en sociologie \u00e0 l\u2019universit\u00e9 d\u2019Ottawa. Elle poss\u00e8de \u00e9galement un dipl\u00f4me avec mention en d\u00e9veloppement social. Jessica est \u00e9galement certifi\u00e9e en p\u00e9dagogie Montessori pour enseigner au niveau casa et en primaire. Jessica travaille dans le domaine de l&rsquo;\u00e9ducation depuis plus de 20 ans o\u00f9 elle enseigne en anglais et en fran\u00e7ais. Jessica a acquis une exp\u00e9rience solide en \u00e9ducation sp\u00e9cialis\u00e9e, ainsi que comme \u00e9ducatrice dans l&rsquo;environnement primaire, casa et celui de la communaut\u00e9 enfantine. Elle est membre de l\u2019association AMI Canada.<\/span><\/p>\n<h3><span style=\"color: #df6f17;\">Enseignantes :<\/span><\/h3>\n<p>Toutes les enseignantes Montessori ont leur certification Montessori qui leur permet d\u2019enseigner aux tout-petits, casa ou primaire. Elles poss\u00e8dent \u00e9galement des dipl\u00f4mes d\u2019enseignement universitaire.<\/p>\n<p><strong>Mme Sally<\/strong>, (dipl\u00f4me Montessori, formation de superviseur A.C.E) a travaill\u00e9 avec des enfants dans divers contextes pendant plus de dix ans, notamment en tant que conductrice d&rsquo;autobus scolaire, superviseure de programme d&rsquo;\u00e9cole \u00e0 domicile, assistante Montessori (au niveau des tout-petits et de casa) avant de devenir enseignante Montessori dans le programme des tout-petits. Mme Sally est passionn\u00e9e par les jeunes enfants et tient toujours \u00e0 leur offrir un environnement chaleureux et stimulant.<\/p>\n<p><strong>Mme Elizabeth<\/strong>, AMI, ECE. <span lang=\"FR-CA\">Elizabeth a \u00e9tudi\u00e9 l&rsquo;\u00e9ducation de la petite enfance au Coll\u00e8ge Algonquin au milieu des ann\u00e9es 90. C&rsquo;est l\u00e0 qu&rsquo;elle a d\u00e9couvert sa nouvelle vocation, Montessori. Elizabeth a ensuite travaill\u00e9 comme assistante dans une \u00e9cole Montessori \u00e0 Orl\u00e9ans en 2004 et, en 2006, elle a obtenu son dipl\u00f4me casa AMI Montessori.\u00a0<\/span>Elle est \u00e9ducatrice dans une classe casa bilingue depuis lors.\u00a0<span lang=\"FR-CA\">Elle a adopt\u00e9 Montessori comme une passion de toute une vie et met son m\u00e9tier en application au quotidien. <\/span>Elle est membre de l\u2019association AMI Canada.<\/p>\n<h3><span style=\"color: #df6f17;\">Assistantes :<\/span><\/h3>\n<p class=\"style10\">Notre \u00e9quipe comprend: <strong>Ang\u00e8le, Anshu, Astrid, Gyeongae, Natalka, Nausheen, Rebecca et Samra<\/strong><\/p>\n<p>Les assistantes poss\u00e8dent des dipl\u00f4mes universitaires de premier cycle, ou bien sont en train de les obtenir. Elles ont \u00e9galement soit une certification Montessori et\/ou un dipl\u00f4me d\u2019\u00e9ducation de la petite enfance, ou une exp\u00e9rience professionnelle au sein d\u2019un environnement Montessori.<\/p>\n<h3><span style=\"color: #df6f17;\">Remarque :<\/span><\/h3>\n<p>Tous les membres du personnel sont soumis \u00e0 la v\u00e9rification de leurs ant\u00e9c\u00e9dents criminels et \u00e0 une formation en premiers secours\/RCP.<\/p>\n","protected":false},"excerpt":{"rendered":"<p>L\u2019\u00e9quipe p\u00e9dagogique Parkdale Montessori est une \u00e9cole accr\u00e9dit\u00e9 AMI, et membre de l&rsquo;Assurance Qualit\u00e9 Montessori (groupe qui adh\u00e8re aux principes de l&rsquo;Association Montessori Internationale).\u00a0L\u2019\u00e9cole Parkdale Montessori est une \u00e9cole priv\u00e9e non confessionnelle, inscrite en vertu de la Loi de 2014 sur la garde d&rsquo;enfants et la petite enfance et agr\u00e9\u00e9e par le Minist\u00e8re de l\u2019\u00c9ducation. [&#8230;]<\/p>\n<p><a class=\"btn btn-secondary sociation-read-more-link\" href=\"https:\/\/mont3.sociationdev.com\/fr\/lecole\/lequipe-pedagogique\/\">Plus&#8230;<\/a><\/p>\n","protected":false},"author":84,"featured_media":1836,"parent":264,"menu_order":3,"comment_status":"closed","ping_status":"closed","template":"single.php","meta":{"_acf_changed":false,"footnotes":""},"class_list":["post-1840","page","type-page","status-publish","has-post-thumbnail","hentry"],"acf":[],"yoast_head":"<!-- This site is optimized with the Yoast SEO Premium plugin v15.5 - https:\/\/yoast.com\/wordpress\/plugins\/seo\/ -->\n<title>L\u2019\u00e9quipe p\u00e9dagogique - Parkdale Montessori School - \u00c9cole Montessori Ottawa<\/title>\n<meta name=\"robots\" content=\"noindex, follow, max-snippet:-1, max-image-preview:large, max-video-preview:-1\" \/>\n<meta property=\"og:locale\" content=\"fr_FR\" \/>\n<meta property=\"og:type\" content=\"article\" \/>\n<meta property=\"og:title\" content=\"L\u2019\u00e9quipe p\u00e9dagogique - Parkdale Montessori School - \u00c9cole Montessori Ottawa\" \/>\n<meta property=\"og:description\" content=\"L\u2019\u00e9quipe p\u00e9dagogique Parkdale Montessori est une \u00e9cole accr\u00e9dit\u00e9 AMI, et membre de l&rsquo;Assurance Qualit\u00e9 Montessori (groupe qui adh\u00e8re aux principes de l&rsquo;Association Montessori Internationale).\u00a0L\u2019\u00e9cole Parkdale Montessori est une \u00e9cole priv\u00e9e non confessionnelle, inscrite en vertu de la Loi de 2014 sur la garde d&rsquo;enfants et la petite enfance et agr\u00e9\u00e9e par le Minist\u00e8re de l\u2019\u00c9ducation. [...]Plus...\" \/>\n<meta property=\"og:url\" content=\"https:\/\/mont3.sociationdev.com\/fr\/lecole\/lequipe-pedagogique\/\" \/>\n<meta property=\"og:site_name\" content=\"Parkdale Montessori School - \u00c9cole Montessori Ottawa\" \/>\n<meta property=\"article:publisher\" content=\"https:\/\/www.facebook.com\/ParkdaleMontessoriSchool\/\" \/>\n<meta property=\"article:modified_time\" content=\"2024-01-16T18:24:45+00:00\" \/>\n<meta property=\"og:image\" content=\"https:\/\/mont3.sociationdev.com\/wp-content\/uploads\/2017\/10\/work-11.jpg\" \/>\n\t<meta property=\"og:image:width\" content=\"720\" \/>\n\t<meta property=\"og:image:height\" content=\"480\" \/>\n<meta name=\"twitter:card\" content=\"summary\" \/>\n<meta name=\"twitter:label1\" content=\"Dur\u00e9e de lecture estim\u00e9e\">\n\t<meta name=\"twitter:data1\" content=\"5 minutes\">\n<script type=\"application\/ld+json\" class=\"yoast-schema-graph\">{\"@context\":\"https:\/\/schema.org\",\"@graph\":[{\"@type\":\"Organization\",\"@id\":\"https:\/\/mont3.sociationdev.com\/fr\/#organization\",\"name\":\"Parkdale Montessori\",\"url\":\"https:\/\/mont3.sociationdev.com\/fr\/\",\"sameAs\":[\"https:\/\/www.facebook.com\/ParkdaleMontessoriSchool\/\"],\"logo\":{\"@type\":\"ImageObject\",\"@id\":\"https:\/\/mont3.sociationdev.com\/fr\/#logo\",\"inLanguage\":\"fr-FR\",\"url\":\"https:\/\/mont3.sociationdev.com\/wp-content\/uploads\/2019\/02\/MONT-Favicon-1.png\",\"width\":239,\"height\":222,\"caption\":\"Parkdale Montessori\"},\"image\":{\"@id\":\"https:\/\/mont3.sociationdev.com\/fr\/#logo\"}},{\"@type\":\"WebSite\",\"@id\":\"https:\/\/mont3.sociationdev.com\/fr\/#website\",\"url\":\"https:\/\/mont3.sociationdev.com\/fr\/\",\"name\":\"Parkdale Montessori School - \\u00c9cole Montessori Ottawa\",\"description\":\"Parkdale Montessori School - \\u00c9cole Montessori Ottawa\",\"publisher\":{\"@id\":\"https:\/\/mont3.sociationdev.com\/fr\/#organization\"},\"potentialAction\":[{\"@type\":\"SearchAction\",\"target\":\"https:\/\/mont3.sociationdev.com\/fr\/?s={search_term_string}\",\"query-input\":\"required name=search_term_string\"}],\"inLanguage\":\"fr-FR\"},{\"@type\":\"ImageObject\",\"@id\":\"https:\/\/mont3.sociationdev.com\/fr\/lecole\/lequipe-pedagogique\/#primaryimage\",\"inLanguage\":\"fr-FR\",\"url\":\"https:\/\/mont3.sociationdev.com\/wp-content\/uploads\/2017\/10\/work-11.jpg\",\"width\":720,\"height\":480},{\"@type\":\"WebPage\",\"@id\":\"https:\/\/mont3.sociationdev.com\/fr\/lecole\/lequipe-pedagogique\/#webpage\",\"url\":\"https:\/\/mont3.sociationdev.com\/fr\/lecole\/lequipe-pedagogique\/\",\"name\":\"L\\u2019\\u00e9quipe p\\u00e9dagogique - Parkdale Montessori School - \\u00c9cole Montessori Ottawa\",\"isPartOf\":{\"@id\":\"https:\/\/mont3.sociationdev.com\/fr\/#website\"},\"primaryImageOfPage\":{\"@id\":\"https:\/\/mont3.sociationdev.com\/fr\/lecole\/lequipe-pedagogique\/#primaryimage\"},\"datePublished\":\"2017-10-23T16:32:21+00:00\",\"dateModified\":\"2024-01-16T18:24:45+00:00\",\"inLanguage\":\"fr-FR\",\"potentialAction\":[{\"@type\":\"ReadAction\",\"target\":[\"https:\/\/mont3.sociationdev.com\/fr\/lecole\/lequipe-pedagogique\/\"]}]}]}<\/script>\n<!-- \/ Yoast SEO Premium plugin. -->","_links":{"self":[{"href":"https:\/\/mont3.sociationdev.com\/fr\/wp-json\/wp\/v2\/pages\/1840","targetHints":{"allow":["GET"]}}],"collection":[{"href":"https:\/\/mont3.sociationdev.com\/fr\/wp-json\/wp\/v2\/pages"}],"about":[{"href":"https:\/\/mont3.sociationdev.com\/fr\/wp-json\/wp\/v2\/types\/page"}],"author":[{"embeddable":true,"href":"https:\/\/mont3.sociationdev.com\/fr\/wp-json\/wp\/v2\/users\/84"}],"replies":[{"embeddable":true,"href":"https:\/\/mont3.sociationdev.com\/fr\/wp-json\/wp\/v2\/comments?post=1840"}],"version-history":[{"count":63,"href":"https:\/\/mont3.sociationdev.com\/fr\/wp-json\/wp\/v2\/pages\/1840\/revisions"}],"predecessor-version":[{"id":7417,"href":"https:\/\/mont3.sociationdev.com\/fr\/wp-json\/wp\/v2\/pages\/1840\/revisions\/7417"}],"up":[{"embeddable":true,"href":"https:\/\/mont3.sociationdev.com\/fr\/wp-json\/wp\/v2\/pages\/264"}],"wp:featuredmedia":[{"embeddable":true,"href":"https:\/\/mont3.sociationdev.com\/fr\/wp-json\/wp\/v2\/media\/1836"}],"wp:attachment":[{"href":"https:\/\/mont3.sociationdev.com\/fr\/wp-json\/wp\/v2\/media?parent=1840"}],"curies":[{"name":"wp","href":"https:\/\/api.w.org\/{rel}","templated":true}]}}