{"id":1801,"date":"2017-10-23T15:55:46","date_gmt":"2017-10-23T15:55:46","guid":{"rendered":"https:\/\/mont3.sociationdev.com\/?page_id=1801"},"modified":"2024-01-17T20:47:34","modified_gmt":"2024-01-17T20:47:34","slug":"pourquoi-choisir-notre-ecole","status":"publish","type":"page","link":"https:\/\/mont3.sociationdev.com\/fr\/lecole\/pourquoi-choisir-notre-ecole\/","title":{"rendered":"Pourquoi choisir notre \u00e9cole?"},"content":{"rendered":"<p>S\u00e9lectionner l\u2019\u00e9cole que votre enfant fr\u00e9quentera est l\u2019une des d\u00e9cisions les plus importantes qu\u2019un parent peut faire. Pourquoi choisir l\u2019\u00e9cole Parkdale Montessori? Notre \u00e9cole bilingue offre un environnement chaleureux et stimulant avec un personnel professionnel, des soins exceptionnels pour les enfants et un programme scolaire enrichi. Inscrivez votre enfant d\u00e8s aujourd&rsquo;hui pour d\u00e9couvrir tout ce que l&rsquo;\u00e9cole Parkdale Montessori a \u00e0 offrir !<\/p>\n<ul>\n<li>Environnement scolaire bilingue (fran\u00e7ais et anglais)<\/li>\n<li>Gagnant du <span style=\"color: #d9691e;\"><strong>Top Choice Montessori School<\/strong> <strong>Award \u00e0 Ottawa en 2019, 2020, 2021, 2022, 2023 et 2024<\/strong><\/span><\/li>\n<li>La seule \u00e9cole accr\u00e9dit\u00e9e\u00a0<a href=\"http:\/\/ami-global.org\/\" target=\"_blank\" rel=\"noopener noreferrer\">AMI<\/a> \u00e0 Ottawa et la premi\u00e8re et unique \u00e9cole membre du programme de l\u2019<a href=\"http:\/\/www.xn--assurancequalitmontessori-pic.ca\/quelestaqm.html\" target=\"_blank\" rel=\"noopener noreferrer\">Assurance Qualit\u00e9 Montessori<\/a><\/li>\n<li><strong><span style=\"color: #d9691e;\">L\u2019\u00e9cole Parkdale Montessori fait partie du syst\u00e8me pancanadien d\u2019AGJE, cons\u00e9quemment les frais de scolarit\u00e9 ont \u00e9t\u00e9 r\u00e9duits <\/span><\/strong><\/li>\n<li>\u00c9cole bien \u00e9tablie<\/li>\n<li>Programmes pour une vari\u00e9t\u00e9 d\u2019\u00e2ges (les tout-petits et casa) afin de r\u00e9pondre aux besoins des familles, maintenir les groupes d\u2019\u00e2ge et minimiser les transitions<\/li>\n<li>P\u00e9dagogie individualis\u00e9e afin de permettre aux enfants de progresser \u00e0 leur rythme<\/li>\n<li>Programme enrichi avec des normes acad\u00e9miques de qualit\u00e9s sup\u00e9rieures<\/li>\n<li>Faible ratio de 1:5 (tout-petits), 1:8 (maternelle et jardin)<\/li>\n<li>Apprentissage pratique<\/li>\n<li>Vari\u00e9t\u00e9 d\u2019\u00e2ges dans chaque classe (les jeunes enfants apprennent en observant et en interagissant avec les plus \u00e2g\u00e9s. Les enfants plus \u00e2g\u00e9s servent de mod\u00e8les et enseignants.)<\/li>\n<li>Environnement d\u2019apprentissage o\u00f9 les enfants se sentent comme chez eux, avec un jardin et des espaces de jeux naturels<\/li>\n<li>Deux terrains de jeux avec structures en bois, un jardin fleuri et bacs \u00e0 sable<\/li>\n<li>Un grand parc \u00e0 quelques pas de notre \u00e9cole<\/li>\n<li>Garderie du matin et du soir (de 8h00 \u00e0 17h15) pour donner de la flexibilit\u00e9 aux parents qui ont des responsabilit\u00e9s en journ\u00e9e<\/li>\n<li>Une \u00e9quipe exceptionnelle de personnel qualifi\u00e9, attentionn\u00e9 et professionnel<\/li>\n<li>Enseignantes certifi\u00e9es en Montessori<\/li>\n<li>Activit\u00e9s agr\u00e9ables toute l\u2019ann\u00e9e pour les \u00e9tudiants (Halloween, journ\u00e9e pyjama, c\u00e9l\u00e9bration de la Terre, etc.)<\/li>\n<li>Activit\u00e9s sp\u00e9ciales pour les parents (par exemple rencontre de d\u00e9but d\u2019ann\u00e9e, r\u00e9unions parents\/enseignants, observation en classe, \u00e9v\u00e9nement parent\/enfant durant lequel votre enfant est l\u2019enseignant et vous \u00eates l\u2019enfant, soir\u00e9es d\u2019information concernant les programmes d\u2019\u00e9tudes que nous offrons, etc.).<\/li>\n<li>Des possibilit\u00e9s de participation pour les parents (soyez b\u00e9n\u00e9vole lors de nos excursions scolaires, venez comme conf\u00e9rencier, etc.)<\/li>\n<li>Collectes de fonds et services communautaires durant l\u2019ann\u00e9e (tels que habits de neige, compagne Toy Mountain, etc.)<\/li>\n<li>Trois \u00e9v\u00e9nement saisonniers (hors terrains scolaires, virtuellement, invit\u00e9s dans l\u2019\u00e9cole) pour les enfants du niveau Casa. Par exemple le Mus\u00e9e de l\u2019agriculture et de l\u2019alimentation du Canada, le Mus\u00e9e de la nature, Monkey Rock, Little Ray\u2019s Reptiles, Sciences en Folie, The Traveling Stage, etc.<\/li>\n<li>Deux cycles de travail ininterrompus pour promouvoir la concentration et un apprentissage plus approfondi. (un facteur essentiel de l&rsquo;\u00e9ducation Montessori)<\/li>\n<li>Dans chaque classe, il y a un ensemble complet de mat\u00e9riels approuv\u00e9s par Montessori<\/li>\n<li>Une \u00e9cole accueillant des enfants de divers milieux, cultures et besoins individuels<\/li>\n<li>Favorise l&rsquo;autodiscipline, l&rsquo;estime de soi, la motivation personnelle, la pens\u00e9e critique, la confiance, le respect, la compassion et la coop\u00e9ration<\/li>\n<li>Encourage l&rsquo;exploration et la cr\u00e9ativit\u00e9<\/li>\n<li>Cultive le d\u00e9sir naturel d&rsquo;apprendre de chaque enfant<\/li>\n<\/ul>\n","protected":false},"excerpt":{"rendered":"<p>S\u00e9lectionner l\u2019\u00e9cole que votre enfant fr\u00e9quentera est l\u2019une des d\u00e9cisions les plus importantes qu\u2019un parent peut faire. Pourquoi choisir l\u2019\u00e9cole Parkdale Montessori? Notre \u00e9cole bilingue offre un environnement chaleureux et stimulant avec un personnel professionnel, des soins exceptionnels pour les enfants et un programme scolaire enrichi. Inscrivez votre enfant d\u00e8s aujourd&rsquo;hui pour d\u00e9couvrir tout ce [&#8230;]<\/p>\n<p><a class=\"btn btn-secondary sociation-read-more-link\" href=\"https:\/\/mont3.sociationdev.com\/fr\/lecole\/pourquoi-choisir-notre-ecole\/\">Plus&#8230;<\/a><\/p>\n","protected":false},"author":84,"featured_media":1799,"parent":264,"menu_order":0,"comment_status":"closed","ping_status":"closed","template":"single.php","meta":{"_acf_changed":false,"footnotes":""},"class_list":["post-1801","page","type-page","status-publish","has-post-thumbnail","hentry"],"acf":[],"yoast_head":"<!-- This site is optimized with the Yoast SEO Premium plugin v15.5 - https:\/\/yoast.com\/wordpress\/plugins\/seo\/ -->\n<title>Pourquoi choisir notre \u00e9cole? - Parkdale Montessori School - \u00c9cole Montessori Ottawa<\/title>\n<meta name=\"robots\" content=\"noindex, follow, max-snippet:-1, max-image-preview:large, max-video-preview:-1\" \/>\n<meta property=\"og:locale\" content=\"fr_FR\" \/>\n<meta property=\"og:type\" content=\"article\" \/>\n<meta property=\"og:title\" content=\"Pourquoi choisir notre \u00e9cole? - Parkdale Montessori School - \u00c9cole Montessori Ottawa\" \/>\n<meta property=\"og:description\" content=\"S\u00e9lectionner l\u2019\u00e9cole que votre enfant fr\u00e9quentera est l\u2019une des d\u00e9cisions les plus importantes qu\u2019un parent peut faire. Pourquoi choisir l\u2019\u00e9cole Parkdale Montessori? Notre \u00e9cole bilingue offre un environnement chaleureux et stimulant avec un personnel professionnel, des soins exceptionnels pour les enfants et un programme scolaire enrichi. Inscrivez votre enfant d\u00e8s aujourd&rsquo;hui pour d\u00e9couvrir tout ce [...]Plus...\" \/>\n<meta property=\"og:url\" content=\"https:\/\/mont3.sociationdev.com\/fr\/lecole\/pourquoi-choisir-notre-ecole\/\" \/>\n<meta property=\"og:site_name\" content=\"Parkdale Montessori School - \u00c9cole Montessori Ottawa\" \/>\n<meta property=\"article:publisher\" content=\"https:\/\/www.facebook.com\/ParkdaleMontessoriSchool\/\" \/>\n<meta property=\"article:modified_time\" content=\"2024-01-17T20:47:34+00:00\" \/>\n<meta property=\"og:image\" content=\"https:\/\/mont3.sociationdev.com\/wp-content\/uploads\/2017\/10\/why-our-school.jpg\" \/>\n\t<meta property=\"og:image:width\" content=\"720\" \/>\n\t<meta property=\"og:image:height\" content=\"480\" \/>\n<meta name=\"twitter:card\" content=\"summary\" \/>\n<meta name=\"twitter:label1\" content=\"Dur\u00e9e de lecture estim\u00e9e\">\n\t<meta name=\"twitter:data1\" content=\"2 minutes\">\n<script type=\"application\/ld+json\" class=\"yoast-schema-graph\">{\"@context\":\"https:\/\/schema.org\",\"@graph\":[{\"@type\":\"Organization\",\"@id\":\"https:\/\/mont3.sociationdev.com\/fr\/#organization\",\"name\":\"Parkdale Montessori\",\"url\":\"https:\/\/mont3.sociationdev.com\/fr\/\",\"sameAs\":[\"https:\/\/www.facebook.com\/ParkdaleMontessoriSchool\/\"],\"logo\":{\"@type\":\"ImageObject\",\"@id\":\"https:\/\/mont3.sociationdev.com\/fr\/#logo\",\"inLanguage\":\"fr-FR\",\"url\":\"https:\/\/mont3.sociationdev.com\/wp-content\/uploads\/2019\/02\/MONT-Favicon-1.png\",\"width\":239,\"height\":222,\"caption\":\"Parkdale Montessori\"},\"image\":{\"@id\":\"https:\/\/mont3.sociationdev.com\/fr\/#logo\"}},{\"@type\":\"WebSite\",\"@id\":\"https:\/\/mont3.sociationdev.com\/fr\/#website\",\"url\":\"https:\/\/mont3.sociationdev.com\/fr\/\",\"name\":\"Parkdale Montessori School - \\u00c9cole Montessori Ottawa\",\"description\":\"Parkdale Montessori School - \\u00c9cole Montessori Ottawa\",\"publisher\":{\"@id\":\"https:\/\/mont3.sociationdev.com\/fr\/#organization\"},\"potentialAction\":[{\"@type\":\"SearchAction\",\"target\":\"https:\/\/mont3.sociationdev.com\/fr\/?s={search_term_string}\",\"query-input\":\"required name=search_term_string\"}],\"inLanguage\":\"fr-FR\"},{\"@type\":\"ImageObject\",\"@id\":\"https:\/\/mont3.sociationdev.com\/fr\/lecole\/pourquoi-choisir-notre-ecole\/#primaryimage\",\"inLanguage\":\"fr-FR\",\"url\":\"https:\/\/mont3.sociationdev.com\/wp-content\/uploads\/2017\/10\/why-our-school.jpg\",\"width\":720,\"height\":480},{\"@type\":\"WebPage\",\"@id\":\"https:\/\/mont3.sociationdev.com\/fr\/lecole\/pourquoi-choisir-notre-ecole\/#webpage\",\"url\":\"https:\/\/mont3.sociationdev.com\/fr\/lecole\/pourquoi-choisir-notre-ecole\/\",\"name\":\"Pourquoi choisir notre \\u00e9cole? - Parkdale Montessori School - \\u00c9cole Montessori Ottawa\",\"isPartOf\":{\"@id\":\"https:\/\/mont3.sociationdev.com\/fr\/#website\"},\"primaryImageOfPage\":{\"@id\":\"https:\/\/mont3.sociationdev.com\/fr\/lecole\/pourquoi-choisir-notre-ecole\/#primaryimage\"},\"datePublished\":\"2017-10-23T15:55:46+00:00\",\"dateModified\":\"2024-01-17T20:47:34+00:00\",\"inLanguage\":\"fr-FR\",\"potentialAction\":[{\"@type\":\"ReadAction\",\"target\":[\"https:\/\/mont3.sociationdev.com\/fr\/lecole\/pourquoi-choisir-notre-ecole\/\"]}]}]}<\/script>\n<!-- \/ Yoast SEO Premium plugin. -->","_links":{"self":[{"href":"https:\/\/mont3.sociationdev.com\/fr\/wp-json\/wp\/v2\/pages\/1801","targetHints":{"allow":["GET"]}}],"collection":[{"href":"https:\/\/mont3.sociationdev.com\/fr\/wp-json\/wp\/v2\/pages"}],"about":[{"href":"https:\/\/mont3.sociationdev.com\/fr\/wp-json\/wp\/v2\/types\/page"}],"author":[{"embeddable":true,"href":"https:\/\/mont3.sociationdev.com\/fr\/wp-json\/wp\/v2\/users\/84"}],"replies":[{"embeddable":true,"href":"https:\/\/mont3.sociationdev.com\/fr\/wp-json\/wp\/v2\/comments?post=1801"}],"version-history":[{"count":22,"href":"https:\/\/mont3.sociationdev.com\/fr\/wp-json\/wp\/v2\/pages\/1801\/revisions"}],"predecessor-version":[{"id":7484,"href":"https:\/\/mont3.sociationdev.com\/fr\/wp-json\/wp\/v2\/pages\/1801\/revisions\/7484"}],"up":[{"embeddable":true,"href":"https:\/\/mont3.sociationdev.com\/fr\/wp-json\/wp\/v2\/pages\/264"}],"wp:featuredmedia":[{"embeddable":true,"href":"https:\/\/mont3.sociationdev.com\/fr\/wp-json\/wp\/v2\/media\/1799"}],"wp:attachment":[{"href":"https:\/\/mont3.sociationdev.com\/fr\/wp-json\/wp\/v2\/media?parent=1801"}],"curies":[{"name":"wp","href":"https:\/\/api.w.org\/{rel}","templated":true}]}}